{"id":130,"date":"2022-08-11T16:47:28","date_gmt":"2022-08-11T14:47:28","guid":{"rendered":"https:\/\/tallersalsina.com\/?page_id=130"},"modified":"2022-08-22T19:05:14","modified_gmt":"2022-08-22T17:05:14","slug":"politica-cookies","status":"publish","type":"page","link":"https:\/\/tallersalsina.com\/es\/politica-cookies\/","title":{"rendered":"Pol\u00edtica cookies"},"content":{"rendered":"<p>POL\u00cdTICA DE COOKIES<br><br>ANTECEDENTS<br><br>De conformitat amb la normativa espanyola que regula l&#8217;\u00fas de cookies en relaci\u00f3 amb la prestaci\u00f3 de serveis de comunicacions electr\u00f2niques, recollida a l&#8217;Art. 22.2 de la Llei 34\/2002 Llei de Serveis de la Societat de la Informaci\u00f3 (LSSICE), us informem sobre les cookies utilitzades al lloc web de Tallers Alsina, SC (tamb\u00e9 el prestador) i el motiu del seu \u00fas. Aix\u00ed mateix, us informa que en navegar al Lloc Web vost\u00e8 est\u00e0 prestant el seu consentiment per poder usar-les.<br><br>QU\u00c8 S\u00d3N LES COOKIES?<br><br>Una galeta \u00e9s un fitxer que es descarrega al vostre ordinador en accedir a determinades p\u00e0gines web. Les cookies permeten a una p\u00e0gina web, entre altres coses, emmagatzemar i recuperar informaci\u00f3 sobre els h\u00e0bits de navegaci\u00f3 d&#8217;un usuari o del seu equip i, depenent de la informaci\u00f3 que continguin i de la manera com faci servir el seu equip, es poden utilitzar per recon\u00e8ixer usuari. Les cookies s&#8217;associen \u00fanicament a un usuari an\u00f2nim i el seu ordinador o dispositiu i no proporcionen refer\u00e8ncies que permetin con\u00e8ixer les vostres dades personals.<br><br>COOKIES AFECTADES PER LA NORMATIVA I COOKIES EXEMPTES<br><br>Segons l&#8217;Art. 22 de la LSSICE, les galetes que requereixen el consentiment informat per part de l&#8217;usuari s\u00f3n les galetes d&#8217;anal\u00edtica i les de publicitat i afiliaci\u00f3, quedant exceptuades les de car\u00e0cter t\u00e8cnic i les necess\u00e0ries per al funcionament del lloc web o la prestaci\u00f3 de serveis expressament demanats per l&#8217;usuari.<br><br>TIPUS DE COOKIES<br><br>Segons l&#8217;entitat que les gestioni, hi ha Cookies pr\u00f2pies (aquelles que s&#8217;envien a l&#8217;equip terminal de l&#8217;usuari des d&#8217;un equip o domini gestionat pel mateix editor i des del qual es presta el servei Sol\u00b7licitat per l&#8217;usuari) i de tercers (les que es envien a l&#8217;equip terminal de l&#8217;usuari des d&#8217;un equip o domini que no \u00e9s gestionat per l&#8217;editor, sin\u00f3 per una altra entitat que tracta les dades obtingudes a trav\u00e9s de les cookies).<br><br>Segons el temps que romanen actives, hi ha les de sessi\u00f3 (dissenyades per demanar i emmagatzemar dades mentre l&#8217;usuari accedeix a una p\u00e0gina web) i les persistents (en les quals les dades s&#8217;emmagatzemen al terminal i poden ser accedides i tractades durant un per\u00edode definit pel responsable de la galeta -pot anar d&#8217;uns minuts a uns quants anys-).<br><br>Segons la finalitat per a la qual tractin la informaci\u00f3 que recopilen, poden ser:<br><br>Cookies t\u00e8cniques (necess\u00e0ries per a l&#8217;\u00fas de la web i la prestaci\u00f3 del servei contractat),<br><br>Galetes de personalitzaci\u00f3 (que permeten a l&#8217;usuari accedir al servei amb caracter\u00edstiques predefinides, com ara l&#8217;idioma, tipus de navegador, configuraci\u00f3 regional, etc.)<br><br>Cookies d&#8217;an\u00e0lisi (recullin informaci\u00f3 sobre l&#8217;\u00fas que es fa de la web),<br><br>Cookies publicit\u00e0ries (recullen informaci\u00f3 sobre les prefer\u00e8ncies i eleccions personals dels usuaris),<br><br>Galetes d&#8217;afiliats (permeten fer un seguiment de les visites procedents d&#8217;altres webs, amb les quals el lloc web estableix un contracte d&#8217;afiliaci\u00f3).<br><br>TIPUS DE COOKIES UTILITZADES PER AQUEST LLOC WEB<br><br>Les cookies utilitzades al nostre lloc web s\u00f3n de sessi\u00f3 i de tercers, i ens permeten emmagatzemar i accedir a informaci\u00f3 relativa a l&#8217;idioma, el tipus de navegador utilitzat i altres caracter\u00edstiques generals predefinides per l&#8217;usuari, aix\u00ed com seguir i analitzar l&#8217;activitat que porta a terme per millorar i prestar els nostres serveis d&#8217;una manera m\u00e9s eficient i personalitzada. Les galetes usades tenen, en tot cas, car\u00e0cter temporal, amb l&#8217;\u00fanica finalitat de fer m\u00e9s efica\u00e7 la navegaci\u00f3. En cap cas aquestes galetes proporcionen per si mateixes dades de car\u00e0cter personal i no s&#8217;usen per a la recollida d&#8217;aquests.<br><br>Relaci\u00f3 de Cookies utilitzades en aquest Lloc Web:<br><br>Prove\u00efdor de la galeta: www.tallersalsina.com<br><br>Tipus de galeta: Pr\u00f2pia<br><br>Finalitat de la galeta: Galeta de sessi\u00f3<br><br>M\u00e9s informaci\u00f3:<br><br>Descripci\u00f3 de l&#8217;enlla\u00e7: Pol\u00edtica de Cookies Taller Alsina<br><br>URL de l&#8217;enlla\u00e7:&nbsp; <a href=\"https:\/\/tallersalsina.com\/es\/politica-cookies\/\">www.tallersalsina.com\/politica-cookies<\/a><br><br>La utilitzaci\u00f3 de les cookies ofereix avantatges, com ara:<br><br>facilita a l&#8217;usuari la navegaci\u00f3 i l&#8217;acc\u00e9s als diferents serveis que ofereix aquest lloc web;<br><br>evita a l&#8217;usuari haver de configurar les caracter\u00edstiques generals predefinides cada cop que accedeix al lloc web;<br><br>afavoreix la millora del funcionament i dels serveis prestats a trav\u00e9s d&#8217;aquest lloc web, despr\u00e9s de l&#8217;an\u00e0lisi corresponent de la informaci\u00f3 obtinguda a trav\u00e9s de les cookies instal\u00b7lades.<br><br>En accedir a la nostra web se us informa que si continua navegant s&#8217;instal\u00b7laran diverses cookies de tercers consentint aix\u00ed la instal\u00b7laci\u00f3 de determinades cookies que tindran com a \u00fanica finalitat la de registrar l&#8217;acc\u00e9s al nostre lloc web per a la realitzaci\u00f3 d&#8217;estad\u00edstiques an\u00f2nimes sobre les visites, recopilant informaci\u00f3 sempre de forma an\u00f2nima. No cal que accepteu la instal\u00b7laci\u00f3 d&#8217;aquestes cookies, podreu navegar igualment per tota la nostra web.<br>A diverses seccions de la nostra web es podran instal\u00b7lar cookies de xarxes socials, en concret les seg\u00fcents:<br><br>Cookie de Twitter, segons el que disposa la seva pol\u00edtica de privadesa i \u00fas de cookies.<br><br>Cookie de Facebook, segons el que disposa la seva pol\u00edtica de cookies.<br><br>Cookie de Linkedin, segons el que disposa la seva p\u00e0gina sobre l&#8217;\u00fas de les cookies.<br><br>Cookie de Google Maps, segons el que disposa la seva p\u00e0gina sobre quin tipus de cookies utilitzen.<br><br>REVOCACI\u00d3<br><br>En tot moment podr\u00e0 accedir a la configuraci\u00f3 del seu navegador acceptant o rebutjant totes les cookies, o b\u00e9 seleccionar aquelles la instal\u00b7laci\u00f3 de les quals admet i quines no, seguint un dels procediments seg\u00fcents, que dep\u00e8n del navegador que utilitzi:<br><br><strong>Google Chrome<\/strong><\/p>\n\n\n\n<p><a href=\"https:\/\/support.google.com\/chrome\/answer\/95647?co=GENIE.Platform%3DDesktopandhl=es\">https:\/\/support.google.com\/chrome\/answer\/95647?co=GENIE.Platform%3DDesktopandhl=es<\/a><br><br><br><strong>Firefox<\/strong><strong>:<\/strong><br><br><a href=\"https:\/\/support.mozilla.org\/es\/kb\/habilitar-y-deshabilitar-cookies-sitios-web-rastrear-preferencias\">https:\/\/support.mozilla.org\/es\/kb\/habilitar-y-deshabilitar-cookies-sitios-web-rastrear-preferencias<\/a><br><br><br><strong>Safari, iPad i iPhone<\/strong><strong>:<\/strong><\/p>\n\n\n\n<p><a href=\"https:\/\/support.apple.com\/kb\/ph21411?locale=es_ESOpera:http:\/\/help.opera.com\/Windows\/12.00\/es-ES\/cookies.html\">https:\/\/support.apple.com\/kb\/ph21411?locale=es_ESOpera:http:\/\/help.opera.com\/Windows\/12.00\/es-ES\/cookies.html<\/a><\/p>\n\n\n\n<p><br>Aquests navegadors estan sotmesos a actualitzacions o modificacions, per la qual cosa no podem garantir que s&#8217;ajustin completament a la versi\u00f3 del vostre navegador. Tamb\u00e9 pot ser que utilitzeu un altre navegador no contemplat en aquests enlla\u00e7os com Konqueror, Arora, Flock, etc. Per evitar aquests desajustaments, podeu accedir directament des de les opcions del vostre navegador, generalment al men\u00fa d'&#8221;Opcions&#8221; a la secci\u00f3 de &#8220;Privadesa&#8221;. (Si us plau, consulteu l&#8217;ajuda del vostre navegador per a m\u00e9s informaci\u00f3).<br><br>DESACTIVACI\u00d3\/ACTIVACI\u00d3 I ELIMINACI\u00d3 DE COOKIES<br><br>Per restringir o bloquejar les galetes, es fa a trav\u00e9s de la configuraci\u00f3 del navegador.<br><br>Si no voleu que els llocs web posin cap galeta al vostre equip, podeu adaptar la configuraci\u00f3 del navegador de manera que se us notifiqui abans que es col\u00b7loqui cap galeta. De la mateixa manera, podeu adaptar la configuraci\u00f3 de manera que el navegador rebutgi totes les galetes, o \u00fanicament les galetes de tercers. Tamb\u00e9 podeu eliminar qualsevol de les galetes que ja es trobin a l&#8217;equip. Tingueu en compte que haureu d&#8217;adaptar per separat la configuraci\u00f3 de cada navegador i equip que utilitzeu.<br><br>Tingueu en compte que si no voleu rebre cookies, ja no podrem garantir que el nostre lloc web funcioni degudament. \u00c9s possible que algunes funcions del lloc es perdin i \u00e9s possible que ja no pugueu veure certs llocs web. A m\u00e9s, rebutjar les galetes no significa que ja no vegeu anuncis publicitaris. Simplement, els anuncis no s&#8217;ajustaran als vostres interessos i es repetiran amb m\u00e9s freq\u00fc\u00e8ncia.<br><br>Cada navegador t\u00e9 un m\u00e8tode diferent per adaptar la configuraci\u00f3. Si cal, consulteu la funci\u00f3 d&#8217;ajuda del navegador per establir la configuraci\u00f3 correcta.<br><br>Per desactivar les galetes al tel\u00e8fon m\u00f2bil, consulteu el manual del dispositiu per obtenir m\u00e9s informaci\u00f3.<br><br>Podeu aconseguir m\u00e9s informaci\u00f3 sobre les cookies a Internet, <a href=\"http:\/\/www.aboutcookies.org\/\">www.aboutcookies.org<\/a><br><br>Tenint en compte la manera com funciona Internet i els llocs web, no sempre comptem amb informaci\u00f3 de les cookies que col\u00b7loquen terceres parts a trav\u00e9s del nostre lloc web. Aix\u00f2 s&#8217;aplica especialment a casos en qu\u00e8 la nostra p\u00e0gina web cont\u00e9 all\u00f2 que s&#8217;anomenen elements integrats: textos, documents, imatges o breus pel\u00b7l\u00edcules que s&#8217;emmagatzemen en una altra part, per\u00f2 es mostren al nostre lloc web o a trav\u00e9s d&#8217;aquest.<br><br>Per tant, en cas que es trobi amb aquest tipus de cookies en aquest lloc web i no estiguin enumerades a la llista anterior, us preguem que ens ho comuniqueu. O b\u00e9 poseu-vos en contacte directament amb el tercer per demanar-li informaci\u00f3 sobre les cookies que col\u00b7loca, la finalitat i la durada de la galeta, i com ha garantit la seva privadesa.<\/p>\n\n\n\n<p>Darrera actualitzaci\u00f3:\u00a0 22 d\u2019agost del 2022<\/p>","protected":false},"excerpt":{"rendered":"<p>POL\u00cdTICA DE COOKIES ANTECEDENTS De conformitat amb la normativa espanyola que regula l&#8217;\u00fas de cookies en relaci\u00f3 amb la prestaci\u00f3 de serveis de comunicacions electr\u00f2niques, recollida a l&#8217;Art. 22.2 de la Llei 34\/2002 Llei de Serveis de la Societat de la Informaci\u00f3 (LSSICE), us informem sobre les cookies utilitzades al lloc web de Tallers Alsina, [&hellip;]<\/p>","protected":false},"author":1,"featured_media":0,"parent":0,"menu_order":0,"comment_status":"closed","ping_status":"closed","template":"","meta":{"footnotes":""},"class_list":["post-130","page","type-page","status-publish","hentry"],"_links":{"self":[{"href":"https:\/\/tallersalsina.com\/es\/wp-json\/wp\/v2\/pages\/130","targetHints":{"allow":["GET"]}}],"collection":[{"href":"https:\/\/tallersalsina.com\/es\/wp-json\/wp\/v2\/pages"}],"about":[{"href":"https:\/\/tallersalsina.com\/es\/wp-json\/wp\/v2\/types\/page"}],"author":[{"embeddable":true,"href":"https:\/\/tallersalsina.com\/es\/wp-json\/wp\/v2\/users\/1"}],"replies":[{"embeddable":true,"href":"https:\/\/tallersalsina.com\/es\/wp-json\/wp\/v2\/comments?post=130"}],"version-history":[{"count":0,"href":"https:\/\/tallersalsina.com\/es\/wp-json\/wp\/v2\/pages\/130\/revisions"}],"wp:attachment":[{"href":"https:\/\/tallersalsina.com\/es\/wp-json\/wp\/v2\/media?parent=130"}],"curies":[{"name":"wp","href":"https:\/\/api.w.org\/{rel}","templated":true}]}}