{"id":132,"date":"2022-08-11T16:49:57","date_gmt":"2022-08-11T14:49:57","guid":{"rendered":"https:\/\/tallersalsina.com\/?page_id=132"},"modified":"2022-08-22T19:05:37","modified_gmt":"2022-08-22T17:05:37","slug":"politica-privacitat","status":"publish","type":"page","link":"https:\/\/tallersalsina.com\/es\/politica-privacitat\/","title":{"rendered":"Pol\u00edtica privacitat"},"content":{"rendered":"<p>POL\u00cdTICA DE PRIVACITAT<br><br>Tallers Alsina, SC, com a responsable del present Lloc web i de conformitat amb all\u00f2 que disposa la normativa vigent en mat\u00e8ria de protecci\u00f3 de dades personals, el Reglament (UE) 2016\/679 de 27 d&#8217;abril de 2016 (RGPD) relatiu a la protecci\u00f3 de les persones f\u00edsiques quant al tractament de dades personals i a la lliure circulaci\u00f3 d&#8217;aquestes dades, la Llei Org\u00e0nica 3\/2018, del 5 de desembre, de Protecci\u00f3 de Dades Personals i garantia dels drets digitals (LOPDGDD) i per la Llei 34 \/2002, d&#8217;11 de juliol, de Serveis de la Societat de la Informaci\u00f3 i del Comer\u00e7 Electr\u00f2nic (LSSICE), t\u00e9 implementades totes les mesures de seguretat, d&#8217;\u00edndole t\u00e8cnica i organitzatives, per garantir i protegir la confidencialitat, integritat i disponibilitat de les dades introdu\u00efdes.<br><br>L&#8217;\u00fas del lloc web implica l&#8217;acceptaci\u00f3 d&#8217;aquesta Pol\u00edtica de Privadesa aix\u00ed com les condicions incloses a l&#8217;Av\u00eds Legal.<br><br>IDENTITAT DEL RESPONSABLE<br><br>Els informem que la present p\u00e0gina web \u00e9s propietat de Tallers Alsina, SC, d&#8217;ara endavant tamb\u00e9 el Prestador, domiciliada a Carretera Girona, 270 &#8211; 272, 17220, Sant Feliu de Gu\u00edxols (Girona), amb CIF J17333790, tel\u00e8fon de contacte , 972321467, i e-mail: info@talleralsina.com.<br><br>PRINCIPIS APLICATS EN EL TRACTAMENT DE DADES<br><br>En el tractament de les dades personals, Tallers Alsina, S.C. aplicar\u00e0 els principis seg\u00fcents que s&#8217;ajusten a les exig\u00e8ncies del nou reglament europeu de protecci\u00f3 de dades:<br><br>Principi de licitud, lleialtat i transpar\u00e8ncia: Tallers Alsina, S.C. sempre requerir\u00e0 el consentiment per al tractament de les teves dades personals que pot ser per a una o diverses finalitats espec\u00edfiques sobre les quals t&#8217;informar\u00e0 pr\u00e8viament amb absoluta transpar\u00e8ncia.<br><br>Principi de minimitzaci\u00f3 de dades: Tallers Alsina, S.C. et sol\u00b7licitar\u00e0 nom\u00e9s les dades estrictament necess\u00e0ries per a la fi o fins que les sol\u00b7licita.<br><br>Principi de limitaci\u00f3 del termini de conservaci\u00f3: Les dades es mantindran durant el temps estrictament necessari per a la fi o fins del tractament.<br><br>El Tallers Alsina, S.C. t&#8217;informar\u00e0 del termini de conservaci\u00f3 corresponent segons la finalitat. En cas de subscripcions, el Tallers Alsina, S.C. revisar\u00e0 peri\u00f2dicament les llistes i eliminar\u00e0 aquells registres inactius durant un temps considerable.<br><br>Principi d&#8217;integritat i confidencialitat: Les teves dades seran tractades de manera que la seva seguretat, confidencialitat i integritat estigui garantida. Has de saber que Tallers Alsina, S.C. pren les precaucions necess\u00e0ries per evitar l&#8217;acc\u00e9s no autoritzat o \u00fas indegut de les dades dels usuaris per part de tercers.<br><br>OBTENCI\u00d3 DE DADES PERSONALS<br><br>Per navegar per Lloc Web no cal que facilitis cap dada personal. Els casos en qu\u00e8 s\u00ed que proporciones les teves dades personals s\u00f3n les seg\u00fcents:<br><br>En contactar a trav\u00e9s dels formularis de contacte o enviar un correu electr\u00f2nic.<br><br>ELS TEUS DRETS<br><br>Tallers Alsina, S.C. t&#8217;informa que sobre les teves dades personals tens dret a:<br><br>Sol\u00b7licitar l&#8217;acc\u00e9s a les dades emmagatzemades.<br><br>Sol\u00b7licitar una rectificaci\u00f3 o la cancel\u00b7laci\u00f3.<br><br>Sol\u00b7licitar la limitaci\u00f3 del tractament.<br><br>Oposar-te al tractament.<br><br>Sol\u00b7licitar la portabilitat de les teves dades.<br><br>L&#8217;exercici d&#8217;aquests drets \u00e9s personal i, per tant, l&#8217;interessa l&#8217;ha d&#8217;exercir directament, sol\u00b7licitant-ho directament al Tallers Alsina, S.C., el que significa que qualsevol client, subscriptor o col\u00b7laborador que hagi facilitat les dades en algun moment pot adre\u00e7ar-se al Tallers Alsina, S.C. i demanar informaci\u00f3 sobre les dades que t\u00e9 emmagatzemades i com les ha obtingut, sol\u00b7licitar-ne la rectificaci\u00f3, sol\u00b7licitar la portabilitat de les seves dades personals, oposar-se al tractament, limitar-ne l&#8217;\u00fas o sol\u00b7licitar la cancel\u00b7laci\u00f3 d&#8217;aquestes dades als fitxers del Tallers Alsina , S.C.<br><br>Per exercir els vostres drets d&#8217;acc\u00e9s, rectificaci\u00f3, cancel\u00b7laci\u00f3, portabilitat i oposici\u00f3 al vostre tractament dirigint-vos a Carretera Girona, 270 &#8211; 272, 17220, Sant Feliu de Gu\u00edxols, (Girona), o trametre un correu electr\u00f2nic a info@talleralsina.com juntament amb la prova v\u00e0lida en dret com una fotoc\u00f2pia del DNI o equivalent.<br><br>Tens dret a presentar una reclamaci\u00f3 davant l&#8217;autoritat de control si considera que els seus drets s&#8217;han vist vulnerats en relaci\u00f3 amb la protecci\u00f3 de les seves dades (agpd.es).<br><br>FINALITAT DEL TRACTAMENT DE DADES PERSONALS<br><br>Quan us connecteu al lloc web per enviar un correu a Tallers Alsina, S.C., us subscriviu al vostre butllet\u00ed o feu una contractaci\u00f3, esteu facilitant informaci\u00f3 de car\u00e0cter personal de la qual el responsable \u00e9s Tallers Alsina, S.C. Aquesta informaci\u00f3 pot incloure dades de car\u00e0cter personal com poden ser la teva adre\u00e7a IP, nom i cognoms, adre\u00e7a f\u00edsica, adre\u00e7a de correu electr\u00f2nic, n\u00famero de tel\u00e8fon i altra informaci\u00f3. En facilitar aquesta informaci\u00f3, dones el teu consentiment perqu\u00e8 la teva informaci\u00f3 sigui recopilada, utilitzada, gestionada i emmagatzemada per www.tallersalsina.com, nom\u00e9s com es descriu a l&#8217;Av\u00eds Legal ia la present Pol\u00edtica de Privadesa.<br><br>Les dades personals i la finalitat del tractament per part de Tallers Alsina, S.C. s\u00f3n diferents segons el sistema de recollida d&#8217;informaci\u00f3:<br><br>Formularis de contacte: Tallers Alsina, S.C. sol\u00b7licita dades personals entre les quals poden estar: Nom i cognoms, adre\u00e7a de correu electr\u00f2nic, amb la finalitat de respondre a les teves consultes.<br><br>Tallers Alsina, S.C. usa aquestes dades per donar resposta als teus missatges, dubtes, queixes, comentaris o inquietuds que puguis tenir relatives a la informaci\u00f3 inclosa al lloc web, els serveis que es presten a trav\u00e9s del lloc web, el tractament de les teves dades personals, q\u00fcestions referents als textos legals inclosos al lloc web, aix\u00ed com qualsevol altra consulta que puguis tenir i que no estigui subjecta a les condicions del lloc web o de la contractaci\u00f3.<br><br>La base jur\u00eddica per al tractament de les dades \u00e9s: Legitimaci\u00f3 per execuci\u00f3 d&#8217;un contracte, inter\u00e8s leg\u00edtim de Tallers Alsina, S.C. o per consentiment de l&#8217;interessat.<br><br>La base jur\u00eddica per al tractament de les dades \u00e9s: Legitimaci\u00f3 per execuci\u00f3 d&#8217;un contracte, Legitimaci\u00f3 per Inter\u00e8s leg\u00edtim del Responsable o d&#8217;un tercer i Legitimaci\u00f3 per consentiment de l&#8217;interessat.<br><br>Hi ha altres finalitats per les quals Tallers Alsina, S.C. tracta les teves dades personals:<br><br>Per garantir el compliment de les condicions recollides a l&#8217;Av\u00eds Legal i a la llei aplicable. Aix\u00f2 pot incloure el desenvolupament d&#8217;eines i algorismes que ajudin aquest lloc web a garantir la confidencialitat de les dades personals que recull.<br><br>Per donar suport i millorar els serveis que ofereix aquest lloc web.<br><br>Per analitzar la navegaci\u00f3. Tallers Alsina, S.C. recull altres dades no identificatives que s&#8217;obtenen mitjan\u00e7ant l&#8217;\u00fas de cookies que es descarreguen al teu ordinador quan navegues pel lloc web les caracter\u00edstiques i finalitat del qual estan detallades a la Pol\u00edtica de Cookies.<br><br>SEGURETAT DE LES DADES PERSONALS<br><br>Per protegir les teves dades personals, Tallers Alsina, S.C. pren totes les precaucions raonables i segueix les millors pr\u00e0ctiques de la ind\u00fastria per evitar-ne la p\u00e8rdua, mal \u00fas, acc\u00e9s indegut, divulgaci\u00f3, alteraci\u00f3 o destrucci\u00f3.<br>La seguretat de les teves dades est\u00e0 garantida, ja que prenen totes les mesures de seguretat necess\u00e0ries. Pots consultar la seva pol\u00edtica de privadesa per tenir m\u00e9s informaci\u00f3.<br><br>CONTINGUT D&#8217;ALTRES LLOCS WEB<br><br>Les p\u00e0gines d&#8217;aquest lloc web poden incloure contingut incrustat (per exemple, v\u00eddeos, imatges, articles, etc.). El contingut incrustat d&#8217;altres webs es comporta exactament de la mateixa manera que si haguessis visitat l&#8217;altra web.<br><br>Aquests llocs web poden recopilar dades sobre tu, utilitzar cookies, incrustar un codi de seguiment addicional de tercers i supervisar la teva interacci\u00f3 utilitzant aquest codi.<br><br>POL\u00cdTICA DE COOKIES<br><br>Perqu\u00e8 aquest lloc web funcioni correctament heu d&#8217;usar cookies, que \u00e9s una informaci\u00f3 que s&#8217;emmagatzema al vostre navegador web.<br><br>A la p\u00e0gina Pol\u00edtica de Cookies podeu consultar tota la informaci\u00f3 relativa a la pol\u00edtica de recollida, la finalitat i el tractament de les cookies.<br><br>Legitimaci\u00f3 per al tractament de dades<br><br>La base legal per al tractament de les vostres dades \u00e9s: el consentiment.<br><br>Per contactar amb Tallers Alsina, S.C., subscriure&#8217;t a un butllet\u00ed o fer comentaris en aquest lloc web has d&#8217;acceptar aquesta Pol\u00edtica de Cookies.<br><br>CATEGORIES DE DADES PERSONALS<br><br>Les categories de dades personals que tracta Tallers Alsina, S.C. s\u00f3n:<br><br>Dades identificatives.<br><br>Conservaci\u00f3 de dades personals<br><br>Les dades personals que proporcioneu a Tallers Alsina, S.C. es conservaran fins que sol\u00b7liciteu la supressi\u00f3.<br><br>DESTINATARIS DE DADES PERSONALS<br><br>Tallers Alsina, S.C. no cedir\u00e0 les dades personals a tercers, excepte per obligaci\u00f3 legal. No obstant aix\u00f2, en cas de ser cedits a algun tercer es produiria una informaci\u00f3 pr\u00e8via sol\u00b7licitant el consentiment expr\u00e9s per a aquesta cessi\u00f3. L&#8217;entitat responsable de la base de dades, aix\u00ed com els que intervinguin en qualsevol fase del tractament o les entitats a qui se&#8217;ls hagi comunicat -en tot cas sempre amb la corresponent autoritzaci\u00f3 atorgada per l&#8217;usuari-, estan obligades a observar el secret professional ia l&#8217;adopci\u00f3 dels nivells de protecci\u00f3 i les mesures t\u00e8cniques i organitzatives necess\u00e0ries al seu abast per garantir la seguretat de les dades de car\u00e0cter personal, evitant, en la mesura del possible, accessos no autoritzats, modificacions il\u00b7l\u00edcites, subtraccions o la p\u00e8rdua de les dades, a fi de procurar el corresponent nivell de seguretat dels fitxers del Prestador, segons la naturalesa i sensibilitat de les dades facilitades pels usuaris del present Lloc web.<br><br>NAVEGACI\u00d3 WEB<br><br>En navegar per LLOC WEB es poden recollir dades no identificatives, que poden incloure, l&#8217;adre\u00e7a IP, geolocalitzaci\u00f3, un registre de com s&#8217;utilitzen els serveis i si t\u00e9 els h\u00e0bits de navegaci\u00f3 i altres dades que no poden ser utilitzades per identificar-te.<br><br>El lloc web utilitza els serveis d&#8217;an\u00e0lisi de tercers seg\u00fcents:<br><br>Tamb\u00e9 podeu veure una llista dels tipus de cookies que usa Google i els seus col\u00b7laboradors i tota la informaci\u00f3 relativa a l&#8217;\u00fas que fan de cookies publicit\u00e0ries.<br><br>El Tallers Alsina, S.C. fa servir la informaci\u00f3 obtinguda per obtenir dades estad\u00edstiques, analitzar tend\u00e8ncies, administrar el lloc, estudiar patrons de navegaci\u00f3 i per recopilar informaci\u00f3 demogr\u00e0fica.<br><br>EXACTITUD I VERACITAT DE LES DADES PERSONALS<br><br>L&#8217;usuari \u00e9s l&#8217;\u00fanic responsable de la veracitat i correcci\u00f3 de les dades que remeti a Tallers Alsina, S.C., exonerant Tallers Alsina, S.C. de qualsevol responsabilitat al respecte. Els usuaris garanteixen i responen, en qualsevol cas, de l&#8217;exactitud, vig\u00e8ncia i autenticitat de les dades personals facilitades, i es comprometen a mantenir-les degudament actualitzades. L&#8217;usuari accepta proporcionar informaci\u00f3 completa i correcta al formulari de registre o subscripci\u00f3.<br><br>ACCEPTACI\u00d3 I CONSENTIMENT<br><br>L&#8217;Usuari declara haver estat informat de les condicions sobre protecci\u00f3 de dades de car\u00e0cter personal, acceptant i consentint-ne el tractament automatitzat per part de Tallers Alsina, S.C. en la forma i per a les finalitats indicades a la present Pol\u00edtica de Protecci\u00f3 de Dades Personals.<br><br>ENVIAMENT CV<br><br>En cas que l&#8217;usuari envi\u00ef el seu CV a trav\u00e9s del nostre web, us informem que les dades aportades seran tractades per fer-lo part\u00edcip dels processos de selecci\u00f3 que hi pugui haver, duent a terme una an\u00e0lisi del perfil del sol\u00b7licitant amb l&#8217;objectiu de seleccionar el millor candidat per al lloc vacant del Responsable. Us informem que aquest \u00e9s l&#8217;\u00fanic procediment oficial per acceptar el vostre curr\u00edculum, de manera que no s&#8217;acceptaran els curr\u00edculums remesos per un altre procediment diferent. En cas de produir-se alguna modificaci\u00f3 en les dades, us preguem ens ho comuniqueu per escrit el m\u00e9s davant possible, a fi de mantenir les vostres dades degudament actualitzades.<br><br>Les dades es conservaran durant un termini m\u00e0xim d&#8217;un any, transcorregut el qual es procedir\u00e0 a la supressi\u00f3 de les dades garantint-li un total respecte a la confidencialitat tant en el tractament com en la destrucci\u00f3 posterior. En aquest sentit, transcorregut el termini esmentat, i si voleu continuar participant en els processos de selecci\u00f3 del Responsable, us preguem que ens envi\u00ef novament el seu curr\u00edculum.<br><br>Les dades es podran tractar i\/o comunicar a les empreses integrants del nostre grup durant el temps de conservaci\u00f3 del seu curr\u00edculum i per a les mateixes finalitats abans informades.<br><br>CORREUS COMERCIALS<br><br>D&#8217;acord amb LSSICE, Tallers Alsina, S.C. no fa pr\u00e0ctiques de SPAM, per tant, no envia correus comercials per e-mail que no hagin estat pr\u00e8viament sol\u00b7licitats o autoritzats per l&#8217;Usuari. En conseq\u00fc\u00e8ncia, a cadascun dels formularis de la P\u00e0gina Web, l&#8217;Usuari t\u00e9 la possibilitat de donar el seu consentiment expr\u00e9s per rebre el nostre Butllet\u00ed, amb independ\u00e8ncia de la informaci\u00f3 comercial puntualment sol\u00b7licitada.<br><br>REVOCABILITAT<br><br>Per exercir els vostres drets d&#8217;acc\u00e9s, rectificaci\u00f3, cancel\u00b7laci\u00f3, portabilitat i oposici\u00f3 heu de remetre un correu electr\u00f2nic a info@talleralsina.com juntament amb la prova v\u00e0lida en dret com una fotoc\u00f2pia del D.N.I. o equivalent.<br><br>L&#8217;exercici dels vostres drets no inclou cap dada que Tallers Alsina, S.C. estigui obligat a conservar amb finalitats administratives, legals o de seguretat.<br><br>CANVIS A LA POL\u00cdTICA DE PRIVACITAT<br><br>Tallers Alsina, S.C. es reserva el dret a modificar aquesta Pol\u00edtica de Privadesa per adaptar-la a novetats legislatives o jurisprudencials, aix\u00ed com a pr\u00e0ctiques de la ind\u00fastria.<br><br>Aquestes pol\u00edtiques estaran vigents fins que siguin modificades per altres degudament publicades.<br><br>LEGISLACI\u00d3<br><br>Amb car\u00e0cter general les relacions entre Tallers Alsina, S.C. amb els Usuaris dels seus serveis telem\u00e0tics, presents en aquesta Web, estan sotmesos a la legislaci\u00f3 i jurisdicci\u00f3 espanyola a qu\u00e8 se sotmeten expressament les parts, sent competents per la resoluci\u00f3 de tots els conflictes derivats o relacionats amb el seu \u00fas els Jutjats i Tribunals de Girona.<\/p>\n\n\n\n<p>Darrera actualitzaci\u00f3: \u00a022 d\u2019agost del 2022<\/p>","protected":false},"excerpt":{"rendered":"<p>POL\u00cdTICA DE PRIVACITAT Tallers Alsina, SC, com a responsable del present Lloc web i de conformitat amb all\u00f2 que disposa la normativa vigent en mat\u00e8ria de protecci\u00f3 de dades personals, el Reglament (UE) 2016\/679 de 27 d&#8217;abril de 2016 (RGPD) relatiu a la protecci\u00f3 de les persones f\u00edsiques quant al tractament de dades personals i [&hellip;]<\/p>","protected":false},"author":1,"featured_media":0,"parent":0,"menu_order":0,"comment_status":"closed","ping_status":"closed","template":"","meta":{"footnotes":""},"class_list":["post-132","page","type-page","status-publish","hentry"],"_links":{"self":[{"href":"https:\/\/tallersalsina.com\/es\/wp-json\/wp\/v2\/pages\/132","targetHints":{"allow":["GET"]}}],"collection":[{"href":"https:\/\/tallersalsina.com\/es\/wp-json\/wp\/v2\/pages"}],"about":[{"href":"https:\/\/tallersalsina.com\/es\/wp-json\/wp\/v2\/types\/page"}],"author":[{"embeddable":true,"href":"https:\/\/tallersalsina.com\/es\/wp-json\/wp\/v2\/users\/1"}],"replies":[{"embeddable":true,"href":"https:\/\/tallersalsina.com\/es\/wp-json\/wp\/v2\/comments?post=132"}],"version-history":[{"count":0,"href":"https:\/\/tallersalsina.com\/es\/wp-json\/wp\/v2\/pages\/132\/revisions"}],"wp:attachment":[{"href":"https:\/\/tallersalsina.com\/es\/wp-json\/wp\/v2\/media?parent=132"}],"curies":[{"name":"wp","href":"https:\/\/api.w.org\/{rel}","templated":true}]}}