{"id":134,"date":"2022-08-11T16:51:44","date_gmt":"2022-08-11T14:51:44","guid":{"rendered":"https:\/\/tallersalsina.com\/?page_id=134"},"modified":"2022-08-22T19:06:58","modified_gmt":"2022-08-22T17:06:58","slug":"politica-privacitat-xarxes-socials","status":"publish","type":"page","link":"https:\/\/tallersalsina.com\/es\/politica-privacitat-xarxes-socials\/","title":{"rendered":"Pol\u00edtica privacitat xarxes socials"},"content":{"rendered":"<p>POL\u00cdTICA DE PRIVACITAT DE XARXES SOCIALS<br><br>D&#8217;acord amb el que estableix el Reglament (UE) 2016\/679 del Parlament Europeu i del Consell, de 27 d&#8217;abril de 2016, relatiu a la protecci\u00f3 de les persones f\u00edsiques pel que fa al tractament de dades personals i a la lliure circulaci\u00f3 d&#8217;aquestes dades, RGPD, i la resta de normativa complement\u00e0ria vigent, us informem que les vostres dades seran tractades sota la responsabilitat de Tallers Alsina, SC, que informa els usuaris que ha procedit a crear un perfil a les xarxes socials amb la finalitat principal de publicitar els seus productes i serveis.<br><br>Dades identificatives del Responsable del tractament:<br><br>Denominaci\u00f3 Social: Tallers Alsina, S.C.<br><br>Domicili Social: Carretera Girona, 270 &#8211; 272, 17220, Sant Feliu de Gu\u00edxols (Girona)<br><br>CIF: J17333790<br><br>Tel\u00e8fon: 972321467<br><br>E-Mail: info@talleralsina.com<br><br>Lloc Web: www.tallersalsina.com<br><br>L&#8217;Usuari disposa d&#8217;un perfil a la mateixa Xarxa Social i ha decidit de manera volunt\u00e0ria unir-se a la p\u00e0gina oficial produ\u00efda per Tallers Alsina, S.C., mostrant aix\u00ed inter\u00e8s en la informaci\u00f3 que es publiciti a la Xarxa.<br><br>En unir-se a la nostra p\u00e0gina, ens facilita el seu consentiment lliure, inequ\u00edvoc, espec\u00edfic, informat i expr\u00e9s per al tractament de les dades personals publicades al seu perfil. Aix\u00ed mateix, us indiquem que est\u00e0 prevista l&#8217;elaboraci\u00f3 de perfils, per tal de con\u00e8ixer els productes o serveis que m\u00e9s us puguin encaixar, aix\u00ed com la millor manera de comunicar-vos-els, segons les vostres prefer\u00e8ncies o h\u00e0bits mostrats, i que siguin oferts per Tallers Alsina, S.C.<br><br>L&#8217;Usuari pot accedir en tot moment a les pol\u00edtiques de privadesa de la mateixa Xarxa Social, aix\u00ed com configurar el seu perfil per garantir la seva privadesa.<br><br>Tallers Alsina, S.C. t\u00e9 acc\u00e9s i tracta aquella informaci\u00f3 p\u00fablica de l&#8217;Usuari, en especial el nom de contacte. Aquestes dades nom\u00e9s s\u00f3n utilitzades dins de la mateixa Xarxa Social i no s\u00f3n incorporades a cap fitxer.<br><br>Menors<br><br>L&#8217;acc\u00e9s i el registre en aquesta xarxa social est\u00e0 prohibit a menors de catorze (14) anys. Si l&#8217;usuari \u00e9s menor de catorze (14) anys, adverteix que caldr\u00e0 l&#8217;assist\u00e8ncia consentida del titular dels pares, tutor, o representant legal per a l&#8217;acc\u00e9s i l&#8217;\u00fas d&#8217;aquesta p\u00e0gina oficial de Tallers Alsina, S.C., quedar\u00e0 expressament exonerada de qualsevol responsabilitat que pogu\u00e9s derivar-se de l&#8217;\u00fas de la seva p\u00e0gina oficial per menors, essent aquesta responsabilitat dels seus representants legals.<br><br>Drets<br><br>D&#8217;acord amb els drets que us confereix la normativa vigent en protecci\u00f3 de dades podreu adre\u00e7ar-vos a l&#8217;Autoritat de Control competent per presentar la reclamaci\u00f3 que considereu oportuna, aix\u00ed com podreu exercir els drets d&#8217;acc\u00e9s, rectificaci\u00f3, limitaci\u00f3 de tractament, supressi\u00f3, portabilitat. i oposici\u00f3 al tractament de les seves dades de car\u00e0cter personal aix\u00ed com a la retirada del consentiment prestat per al seu tractament, dirigint la seva petici\u00f3 a Tallers Alsina, SC, Carretera Girona, 270 &#8211; 272, 17220, Sant Feliu de Gu\u00edxols, Girona, o b\u00e9 al correu electr\u00f2nic info@talleralsina.com<br><br>Utilitzaci\u00f3 del perfil<br><br>Tallers Alsina, S.C. executar\u00e0 les seg\u00fcents actuacions:<br><br>Acc\u00e9s a la informaci\u00f3 p\u00fablica del perfil.<br><br>Publicaci\u00f3 al perfil de l&#8217;Usuari de tota aquella informaci\u00f3 ja publicada a la p\u00e0gina de Tallers Alsina, S.C.<br><br>Enviar missatges personals i individuals a trav\u00e9s dels canals de la Xarxa Social.<br><br>Actualitzacions de l&#8217;estat de la p\u00e0gina que es publicaran al perfil de l&#8217;usuari.<br><br>L&#8217;Usuari sempre pot controlar les connexions, eliminar els continguts que deixin d&#8217;interessar-li i restringir amb qui comparteix les connexions; per aix\u00f2 haur\u00e0 d&#8217;accedir a la seva configuraci\u00f3 de privadesa.<br><br>Publicacions<br><br>L&#8217;Usuari, un cop unit a la p\u00e0gina oficial de Tallers Alsina, S.C., podr\u00e0 publicar comentaris, enlla\u00e7os, imatges o fotografies o qualsevol altre tipus de contingut multim\u00e8dia suportat per la Xarxa Social. L&#8217;Usuari, en tots els casos, n&#8217;ha de ser el titular, gaudir dels drets d&#8217;autor i de propietat intel\u00b7lectual o comptar amb el consentiment dels tercers afectats. Es prohibeix expressament qualsevol publicaci\u00f3 a la p\u00e0gina, ja siguin textos, gr\u00e0fics, fotografies, v\u00eddeos, etc. que atemptin o siguin susceptibles d&#8217;atemptar contra la moral, l&#8217;\u00e8tica, el bon gust o el dec\u00f2rum, o que infringeixin, violin o trenquin els drets de propietat intel\u00b7lectual o industrial, el dret a la imatge o la Llei.<br><br>Tallers Alsina, S.C. es reserva el dret a retirar immediatament el contingut, de forma unilateral i sense comunicaci\u00f3 pr\u00e8via ni autoritzaci\u00f3 de l&#8217;usuari, podent sol\u00b7licitar el bloqueig permanent de l&#8217;Usuari.<br><br>Tallers Alsina, S.C. no es far\u00e0 responsable dels continguts que lliurement ha publicat un Usuari.<br><br>L&#8217;Usuari ha de tenir present que les seves publicacions seran conegudes pels altres Usuaris, per la qual cosa ell mateix \u00e9s el principal responsable de la seva privadesa.<br><br>Les imatges que puguin publicar-se a la p\u00e0gina no seran emmagatzemades en cap fitxer per part de Tallers Alsina, S.C. per\u00f2 s\u00ed que romandran a la Xarxa Social.<br><br>Concursos i promocions<br><br>Tallers Alsina, S.C. es reserva el dret a fer concursos i promocions, en qu\u00e8 podr\u00e0 participar l&#8217;Usuari unit a la seva p\u00e0gina. Les bases de cadascun d&#8217;ells, quan s&#8217;utilitzi la plataforma de la Xarxa Social, seran publicades a aquesta, complint sempre amb la LSSICE i amb qualsevol altra norma que li sigui d&#8217;aplicaci\u00f3.<br><br>La Xarxa Social no patrocina, avala, ni administra, de cap manera, cap de les nostres promocions, ni est\u00e0 associada a cap.<br><br>Publicitat<br><br>Tallers Alsina, S.C. far\u00e0 servir la Xarxa Social per publicitar els seus productes i serveis. En tot cas, si decidiu tractar les vostres dades de contacte per dur a terme accions directes de prospecci\u00f3 comercial, ser\u00e0 sempre complint amb les exig\u00e8ncies legals del RGPD-LOPDGDD i de la LSSICE.<br><br>No es considerar\u00e0 publicitat el fet de recomanar a altres usuaris la p\u00e0gina de Tallers Alsina, S.C. perqu\u00e8 tamb\u00e9 puguin gaudir de les promocions o estar informats de la seva activitat.<br><br>Una altra informaci\u00f3 d&#8217;inter\u00e8s<br><br>Tallers Alsina, S.C., podr\u00e0 modificar o substituir en qualsevol moment aquesta pol\u00edtica que, segons els casos, substituir\u00e0, complementar\u00e0 o modificar\u00e0 l&#8217;actual publicada. Per aix\u00f2 l&#8217;usuari haur\u00e0 d&#8217;accedir-hi peri\u00f2dicament, a fi de mantenir-se actualitzat.<br><br>A continuaci\u00f3 detallem l&#8217;enlla\u00e7 a la pol\u00edtica de privadesa de la Xarxa Social:<br><br>POL\u00cdTICA DE PRIVACITAT DE XARXES SOCIALS<br>D&#8217;acord amb el que estableix el Reglament (UE) 2016\/679 del Parlament Europeu i del Consell, de 27 d&#8217;abril de 2016, relatiu a la protecci\u00f3 de les persones f\u00edsiques pel que fa al tractament de dades personals i a la lliure circulaci\u00f3 d&#8217;aquestes dades, RGPD, i la resta de normativa complement\u00e0ria vigent, us informem que les vostres dades seran tractades sota la responsabilitat de Tallers Alsina, SC, que informa els Usuaris que ha procedit a crear un perfil a les xarxes socials amb la finalitat principal de publicitar els seus productes i serveis.<br><br>Dades identificatives del Responsable del tractament:<br>Denominaci\u00f3 Social: Tallers Alsina, S.C.<br>Domicili Social: Carretera Girona, 270 &#8211; 272, 17220, Sant Feliu de Gu\u00edxols, (Girona)<br><br>CIF: J17333790<br>Tel\u00e8fon: 972321467<br>E-Mail: info@talleralsina.com<br>Lloc Web: www.tallersalsina.com<br><br>L&#8217;Usuari disposa d&#8217;un perfil a la mateixa Xarxa Social i ha decidit de manera volunt\u00e0ria unir-se a la p\u00e0gina oficial creada per Tallers Alsina, S.C., mostrant aix\u00ed inter\u00e8s en la informaci\u00f3 que es publiciti a la Xarxa.<br>En unir-se a la nostra p\u00e0gina, ens facilita el seu consentiment lliure, inequ\u00edvoc, espec\u00edfic, informat i expr\u00e9s per al tractament de les dades personals publicades al seu perfil. Aix\u00ed mateix, us indiquem que est\u00e0 prevista l&#8217;elaboraci\u00f3 de perfils, per tal de con\u00e8ixer els productes o serveis que m\u00e9s us puguin encaixar, aix\u00ed com la millor manera de comunicar-vos-els, segons les vostres prefer\u00e8ncies o h\u00e0bits mostrats, i que siguin oferts per Tallers Alsina, S.C.<br>L&#8217;Usuari pot accedir en tot moment a les pol\u00edtiques de privadesa de la mateixa Xarxa Social, aix\u00ed com configurar el seu perfil per garantir la seva privadesa.<br><br>Tallers Alsina, S.C. t\u00e9 acc\u00e9s i tracta aquella informaci\u00f3 p\u00fablica de l&#8217;Usuari, en especial el nom de contacte. Aquestes dades nom\u00e9s s\u00f3n utilitzades dins de la mateixa Xarxa Social i no s\u00f3n incorporades a cap fitxer.<br><br>Menors<br>L&#8217;acc\u00e9s i el registre en aquesta xarxa social est\u00e0 prohibit a menors de catorze (14) anys. Si l&#8217;usuari \u00e9s menor de catorze (14) anys, adverteix que caldr\u00e0 l&#8217;assist\u00e8ncia consentida del titular dels pares, tutor, o representant legal per a l&#8217;acc\u00e9s i l&#8217;\u00fas d&#8217;aquesta p\u00e0gina oficial de Tallers Alsina, SC, quedar\u00e0 expressament exonerada de qualsevol responsabilitat que pogu\u00e9s derivar-se de l&#8217;\u00fas de la seva p\u00e0gina oficial per menors, essent aquesta responsabilitat dels seus representants legals.<br><br>Drets<br>D&#8217;acord amb els drets que us confereix la normativa vigent en protecci\u00f3 de dades podreu adre\u00e7ar-vos a l&#8217;Autoritat de Control competent per presentar la reclamaci\u00f3 que considereu oportuna, i tamb\u00e9 podreu exercir els drets d&#8217;acc\u00e9s, rectificaci\u00f3, limitaci\u00f3 de tractament, supressi\u00f3, portabilitat. i oposici\u00f3 al tractament de les seves dades de car\u00e0cter personal aix\u00ed com a la retirada del consentiment prestat per al seu tractament, dirigint la seva petici\u00f3 a Tallers Alsina, SC, Carretera Girona, 270 &#8211; 272, 17220, Sant Feliu de Gu\u00edxols, Girona, o b\u00e9 al correu electr\u00f2nic info@talleralsina.com<br><br>Utilitzaci\u00f3 del perfil<br>Tallers Alsina, S.C. dur\u00e0 a terme les seg\u00fcents actuacions:<br>1. Acc\u00e9s a la informaci\u00f3 p\u00fablica del perfil.<br>2. Publicaci\u00f3 al perfil de l&#8217;Usuari de tota aquella informaci\u00f3 ja publicada a la p\u00e0gina de Tallers Alsina, S.C.<br>3. Enviar missatges personals i individuals a trav\u00e9s dels canals de la Xarxa Social.<br>4. Actualitzacions de l&#8217;estat de la p\u00e0gina que es publicaran al perfil de l&#8217;Usuari.<br>L&#8217;Usuari sempre pot controlar les connexions, eliminar els continguts que deixin d&#8217;interessar-li i restringir amb qui comparteix les connexions; per aix\u00f2 haur\u00e0 d&#8217;accedir a la seva configuraci\u00f3 de privadesa.<br><br>Publicacions<br>L&#8217;Usuari, un cop unit a la p\u00e0gina oficial de Tallers Alsina, S.C., podr\u00e0 publicar comentaris, enlla\u00e7os, imatges o fotografies o qualsevol altre tipus de contingut multim\u00e8dia suportat per la Xarxa Social. L&#8217;Usuari, en tots els casos, n&#8217;ha de ser el titular, gaudir dels drets d&#8217;autor i de propietat intel\u00b7lectual o comptar amb el consentiment dels tercers afectats. Es prohibeix expressament qualsevol publicaci\u00f3 a la p\u00e0gina, ja siguin textos, gr\u00e0fics, fotografies, v\u00eddeos, etc. que atemptin o siguin susceptibles d&#8217;atemptar contra la moral, l&#8217;\u00e8tica, el bon gust o el dec\u00f2rum, o que infringeixin, violin o trenquin els drets de propietat intel\u00b7lectual o industrial, el dret a la imatge o la Llei.<br>Tallers Alsina, S.C. es reserva el dret a retirar immediatament el contingut, de forma unilateral i sense comunicaci\u00f3 pr\u00e8via ni autoritzaci\u00f3 de l&#8217;usuari, podent sol\u00b7licitar el bloqueig permanent de l&#8217;Usuari.<br>Tallers Alsina, S.C. no es far\u00e0 responsable dels continguts que lliurement ha publicat un Usuari.<br>L&#8217;Usuari ha de tenir present que les seves publicacions seran conegudes pels altres Usuaris, per la qual cosa ell mateix \u00e9s el principal responsable de la seva privadesa.<br>Les imatges que puguin publicar-se a la p\u00e0gina no seran emmagatzemades a cap fitxer per part de Tallers Alsina, S.C. per\u00f2 s\u00ed que romandran a la Xarxa Social.<br><br>Concursos i promocions<br>Tallers Alsina, S.C. es reserva el dret a fer concursos i promocions, en qu\u00e8 podr\u00e0 participar l&#8217;Usuari unit a la seva p\u00e0gina. Les bases de cadascun d&#8217;ells, quan s&#8217;utilitzi la plataforma de la Xarxa Social, seran publicades a aquesta, complint sempre amb la LSSICE i amb qualsevol altra norma que li sigui d&#8217;aplicaci\u00f3.<br>La Xarxa Social no patrocina, avala, ni administra, de cap manera, cap de les nostres promocions, ni est\u00e0 associada a cap.<br><br>Publicitat<br>Tallers Alsina, S.C. far\u00e0 servir la Xarxa Social per publicitar els vostres productes i serveis. En tot cas, si decidiu tractar les vostres dades de contacte per realitzar accions directes de prospecci\u00f3 comercial, ser\u00e0 sempre complint amb les exig\u00e8ncies legals del RGPD-LOPDGDD i de la LSSICE.<br>No es considerar\u00e0 publicitat el fet de recomanar a altres usuaris la p\u00e0gina de la Tallers Alsina, S.C. perqu\u00e8 tamb\u00e9 puguin gaudir de les promocions o estar informats de la seva activitat.<br>Una altra informaci\u00f3 d&#8217;inter\u00e8s<br>Tallers Alsina, S.C., podr\u00e0 modificar o substituir en qualsevol moment aquesta pol\u00edtica que, segons els casos, substituir\u00e0, complementar\u00e0 o modificar\u00e0 l&#8217;actual publicada. Per aix\u00f2 l&#8217;usuari haur\u00e0 d&#8217;accedir-hi peri\u00f2dicament, a fi de mantenir-se actualitzat.<br><br>A continuaci\u00f3 detallem l&#8217;enlla\u00e7 a la pol\u00edtica de privadesa de la Xarxa Social:<br><br>Facebook: <a href=\"https:\/\/www.facebook.com\/help\/323540651073243\/\" target=\"_blank\" rel=\"noreferrer noopener\">https:\/\/www.facebook.com\/help\/323540651073243\/<\/a><\/p>\n\n\n\n<p>Instagram: <a href=\"https:\/\/help.instagram.com\/155833707900388\">https:\/\/help.instagram.com\/155833707900388<\/a><\/p>\n\n\n\n<p>Twitter: <a href=\"https:\/\/twitter.com\/privacy\" target=\"_blank\" rel=\"noreferrer noopener\">https:\/\/twitter.com\/privacy<\/a><\/p>\n\n\n\n<p>Youtube: <a rel=\"noreferrer noopener\" href=\"http:\/\/www.youtube.com\/yt\/policyandsafety\/es\/\" target=\"_blank\">http:\/\/www.youtube.com\/yt\/policyandsafety\/es\/<\/a><\/p>\n\n\n\n<p><br>Darrera actualitzaci\u00f3: \u00a022 d\u2019agost del 2022<\/p>","protected":false},"excerpt":{"rendered":"<p>POL\u00cdTICA DE PRIVACITAT DE XARXES SOCIALS D&#8217;acord amb el que estableix el Reglament (UE) 2016\/679 del Parlament Europeu i del Consell, de 27 d&#8217;abril de 2016, relatiu a la protecci\u00f3 de les persones f\u00edsiques pel que fa al tractament de dades personals i a la lliure circulaci\u00f3 d&#8217;aquestes dades, RGPD, i la resta de normativa [&hellip;]<\/p>","protected":false},"author":1,"featured_media":0,"parent":0,"menu_order":0,"comment_status":"closed","ping_status":"closed","template":"","meta":{"footnotes":""},"class_list":["post-134","page","type-page","status-publish","hentry"],"_links":{"self":[{"href":"https:\/\/tallersalsina.com\/es\/wp-json\/wp\/v2\/pages\/134","targetHints":{"allow":["GET"]}}],"collection":[{"href":"https:\/\/tallersalsina.com\/es\/wp-json\/wp\/v2\/pages"}],"about":[{"href":"https:\/\/tallersalsina.com\/es\/wp-json\/wp\/v2\/types\/page"}],"author":[{"embeddable":true,"href":"https:\/\/tallersalsina.com\/es\/wp-json\/wp\/v2\/users\/1"}],"replies":[{"embeddable":true,"href":"https:\/\/tallersalsina.com\/es\/wp-json\/wp\/v2\/comments?post=134"}],"version-history":[{"count":0,"href":"https:\/\/tallersalsina.com\/es\/wp-json\/wp\/v2\/pages\/134\/revisions"}],"wp:attachment":[{"href":"https:\/\/tallersalsina.com\/es\/wp-json\/wp\/v2\/media?parent=134"}],"curies":[{"name":"wp","href":"https:\/\/api.w.org\/{rel}","templated":true}]}}