{"id":14,"date":"2022-08-10T06:35:22","date_gmt":"2022-08-10T04:35:22","guid":{"rendered":"https:\/\/tallersalsina.com\/?page_id=14"},"modified":"2022-08-25T17:49:02","modified_gmt":"2022-08-25T15:49:02","slug":"planxa","status":"publish","type":"page","link":"https:\/\/tallersalsina.com\/es\/planxa\/","title":{"rendered":"Plancha"},"content":{"rendered":"<div class=\"wp-block-image\">\n<figure class=\"aligncenter size-large\"><img loading=\"lazy\" decoding=\"async\" width=\"1024\" height=\"1024\" src=\"http:\/\/tallersalsina.com\/wp-content\/uploads\/2022\/08\/Planchisteria-coche-Sant-Feliu-de-Guixols.png\" alt=\"\" class=\"wp-image-192\" srcset=\"https:\/\/tallersalsina.com\/wp-content\/uploads\/2022\/08\/Planchisteria-coche-Sant-Feliu-de-Guixols.png 1200w, https:\/\/tallersalsina.com\/wp-content\/uploads\/2022\/08\/Planchisteria-coche-Sant-Feliu-de-Guixols-300x300.png 300w, https:\/\/tallersalsina.com\/wp-content\/uploads\/2022\/08\/Planchisteria-coche-Sant-Feliu-de-Guixols-1024x1024.png 1024w, https:\/\/tallersalsina.com\/wp-content\/uploads\/2022\/08\/Planchisteria-coche-Sant-Feliu-de-Guixols-150x150.png 150w, https:\/\/tallersalsina.com\/wp-content\/uploads\/2022\/08\/Planchisteria-coche-Sant-Feliu-de-Guixols-768x768.png 768w, https:\/\/tallersalsina.com\/wp-content\/uploads\/2022\/08\/Planchisteria-coche-Sant-Feliu-de-Guixols-12x12.png 12w\" sizes=\"auto, (max-width: 1024px) 100vw, 1024px\" \/><\/figure>\n<\/div>\n\n\n<p>La plancha es la parte que nos protege y absorbe los impactos en caso de accidente.<\/p>\n\n\n\n<p>Reparamos desde peque\u00f1os ara\u00f1azos a golpes frontales o laterales de cierta importancia. Devolvemos a su estado original cualquier tipo de da\u00f1o en la estructura de su coche. Sea plancha, pl\u00e1stico, aluminio o fibra.<\/p>\n\n\n\n<p>Reparaci\u00f3n y sustituci\u00f3n de elementos de la carrocer\u00eda, de forma segura y con garant\u00eda.<\/p>","protected":false},"excerpt":{"rendered":"<p>La planxa \u00e9s la part que ens protegeix i absorbeix els impactes, en cas d\u2019accident. Reparem des de petites ratllades a cops frontals o laterals de certa import\u00e0ncia. Retornem al seu estat original qualsevol mena de dany en l\u2019estructura del seu cotxe. Sigui planxa, pl\u00e0stic, alumini o fibra. Reparaci\u00f3 i substituci\u00f3 d\u2019elements de la carrosseria, [&hellip;]<\/p>","protected":false},"author":1,"featured_media":0,"parent":0,"menu_order":0,"comment_status":"closed","ping_status":"closed","template":"","meta":{"footnotes":""},"class_list":["post-14","page","type-page","status-publish","hentry"],"_links":{"self":[{"href":"https:\/\/tallersalsina.com\/es\/wp-json\/wp\/v2\/pages\/14","targetHints":{"allow":["GET"]}}],"collection":[{"href":"https:\/\/tallersalsina.com\/es\/wp-json\/wp\/v2\/pages"}],"about":[{"href":"https:\/\/tallersalsina.com\/es\/wp-json\/wp\/v2\/types\/page"}],"author":[{"embeddable":true,"href":"https:\/\/tallersalsina.com\/es\/wp-json\/wp\/v2\/users\/1"}],"replies":[{"embeddable":true,"href":"https:\/\/tallersalsina.com\/es\/wp-json\/wp\/v2\/comments?post=14"}],"version-history":[{"count":0,"href":"https:\/\/tallersalsina.com\/es\/wp-json\/wp\/v2\/pages\/14\/revisions"}],"wp:attachment":[{"href":"https:\/\/tallersalsina.com\/es\/wp-json\/wp\/v2\/media?parent=14"}],"curies":[{"name":"wp","href":"https:\/\/api.w.org\/{rel}","templated":true}]}}