{"id":16,"date":"2022-08-10T06:36:07","date_gmt":"2022-08-10T04:36:07","guid":{"rendered":"https:\/\/tallersalsina.com\/?page_id=16"},"modified":"2022-08-25T17:50:31","modified_gmt":"2022-08-25T15:50:31","slug":"pintura","status":"publish","type":"page","link":"https:\/\/tallersalsina.com\/es\/pintura\/","title":{"rendered":"Pintura"},"content":{"rendered":"<figure class=\"wp-block-image size-large\"><img loading=\"lazy\" decoding=\"async\" width=\"1024\" height=\"1024\" src=\"http:\/\/tallersalsina.com\/wp-content\/uploads\/2022\/08\/Taller-pintura-coche-Sant-Feliu-de-Guixols-1.png\" alt=\"\" class=\"wp-image-195\" srcset=\"https:\/\/tallersalsina.com\/wp-content\/uploads\/2022\/08\/Taller-pintura-coche-Sant-Feliu-de-Guixols-1.png 1200w, https:\/\/tallersalsina.com\/wp-content\/uploads\/2022\/08\/Taller-pintura-coche-Sant-Feliu-de-Guixols-1-300x300.png 300w, https:\/\/tallersalsina.com\/wp-content\/uploads\/2022\/08\/Taller-pintura-coche-Sant-Feliu-de-Guixols-1-1024x1024.png 1024w, https:\/\/tallersalsina.com\/wp-content\/uploads\/2022\/08\/Taller-pintura-coche-Sant-Feliu-de-Guixols-1-150x150.png 150w, https:\/\/tallersalsina.com\/wp-content\/uploads\/2022\/08\/Taller-pintura-coche-Sant-Feliu-de-Guixols-1-768x768.png 768w, https:\/\/tallersalsina.com\/wp-content\/uploads\/2022\/08\/Taller-pintura-coche-Sant-Feliu-de-Guixols-1-12x12.png 12w\" sizes=\"auto, (max-width: 1024px) 100vw, 1024px\" \/><\/figure>\n\n\n\n<p>Es la piel de nuestro coche, el color es una de las partes m\u00e1s importantes y que define m\u00e1s la autoimagen.<\/p>\n\n\n\n<p>Somos expertos en colores. La combinaci\u00f3n de los mejores materiales en colorimetr\u00eda con buen equipamiento, dan como resultado una reparaci\u00f3n con un acabado perfecto.<\/p>\n\n\n\n<p>Pintamos toda clase de colores: brillantes, mates, perlados, met\u00e1licos. Desde una rayada a un coche entero.<\/p>","protected":false},"excerpt":{"rendered":"<p>\u00c9s la pell del nostre cotxe, el color \u00e9s una de les parts m\u00e9s importants i que m\u00e9s defineix l&#8217;autoimatge. Som experts en colors. La combinaci\u00f3 dels millors materials en colorimetria amb un bon equipament, donen com a resultat una reparaci\u00f3 amb un acabat perfecte. Pintem tota classe de colors: brillants, mates, perlats, met\u00e0l\u00b7lics. Des [&hellip;]<\/p>","protected":false},"author":1,"featured_media":0,"parent":0,"menu_order":0,"comment_status":"closed","ping_status":"closed","template":"","meta":{"footnotes":""},"class_list":["post-16","page","type-page","status-publish","hentry"],"_links":{"self":[{"href":"https:\/\/tallersalsina.com\/es\/wp-json\/wp\/v2\/pages\/16","targetHints":{"allow":["GET"]}}],"collection":[{"href":"https:\/\/tallersalsina.com\/es\/wp-json\/wp\/v2\/pages"}],"about":[{"href":"https:\/\/tallersalsina.com\/es\/wp-json\/wp\/v2\/types\/page"}],"author":[{"embeddable":true,"href":"https:\/\/tallersalsina.com\/es\/wp-json\/wp\/v2\/users\/1"}],"replies":[{"embeddable":true,"href":"https:\/\/tallersalsina.com\/es\/wp-json\/wp\/v2\/comments?post=16"}],"version-history":[{"count":0,"href":"https:\/\/tallersalsina.com\/es\/wp-json\/wp\/v2\/pages\/16\/revisions"}],"wp:attachment":[{"href":"https:\/\/tallersalsina.com\/es\/wp-json\/wp\/v2\/media?parent=16"}],"curies":[{"name":"wp","href":"https:\/\/api.w.org\/{rel}","templated":true}]}}