{"id":174,"date":"2022-08-22T18:36:28","date_gmt":"2022-08-22T16:36:28","guid":{"rendered":"https:\/\/tallersalsina.com\/?page_id=174"},"modified":"2022-08-22T19:06:23","modified_gmt":"2022-08-22T17:06:23","slug":"politica-privacidad","status":"publish","type":"page","link":"https:\/\/tallersalsina.com\/es\/politica-privacidad\/","title":{"rendered":"Pol\u00edtica de privacidad"},"content":{"rendered":"<p>POL\u00cdTICA DE PRIVACIDAD<br><br>Tallers Alsina, S.C., como responsable del presente Sitio web y en conformidad con lo que dispone la normativa vigente en materia de protecci\u00f3n de datos personales, el Reglamento (UE) 2016\/679 de 27 de abril de 2016 (RGPD) relativo a la protecci\u00f3n de las personas f\u00edsicas en cuanto al tratamiento de datos personales y a la libre circulaci\u00f3n de estos datos, la Ley Org\u00e1nica 3\/2018, de 5 de diciembre, de Protecci\u00f3n de Datos Personales y garant\u00eda de los derechos digitales (LOPDGDD) y por la Ley 34\/2002, de 11 de julio, de Servicios de la Sociedad de la Informaci\u00f3n y del Comercio Electr\u00f3nico (LSSICE), tiene implementadas todas las medidas de seguridad, de \u00edndole t\u00e9cnica y organizativas, para garantizar y proteger la confidencialidad, integridad y disponibilidad de los datos introducidos.<br><br>El uso de sitio Web implica la aceptaci\u00f3n de esta Pol\u00edtica de Privacidad as\u00ed como las condiciones incluidas en el Aviso Legal.<br><br>IDENTIDAD DEL RESPONSABLE<br><br>Los informamos que la presente p\u00e1gina web es propiedad de Tallers Alsina, S.C., de ahora en adelante tambi\u00e9n el Prestador, domiciliada a Carretera Girona, 270 &#8211; 272, 17220, Sant Feliu de Gu\u00edxols, (Girona), con CIF J17333790, tel\u00e9fono de contacto, 972321467, y e-mail: info@talleralsina.com.<br><br>PRINCIPIOS APLICADOS EN EL TRATAMIENTO DE DATOS<br><br>En el tratamiento de tus datos personales, Tallers Alsina, S.C. aplicar\u00e1 los siguientes principios que se ajustan a las exigencias del nuevo reglamento europeo de protecci\u00f3n de datos:<br><br>Principio de licitud, lealtad y transparencia: Tallers Alsina, S.C. siempre requerir\u00e1 el consentimiento para el tratamiento de tus datos personales que puede ser para uno o varios fines espec\u00edficos sobre los que te informar\u00e1 previamente con absoluta transparencia.<br><br>Principio de minimizaci\u00f3n de datos: Tallers Alsina, S.C. te solicitar\u00e1 solo los datos estrictamente necesarios para el fin o los fines que los solicita.<br><br>Principio de limitaci\u00f3n del plazo de conservaci\u00f3n: Los datos se mantendr\u00e1n durante el tiempo estrictamente necesario para el fin o los fines del tratamiento.<br><br>El Tallers Alsina, S.C. te informar\u00e1 del plazo de conservaci\u00f3n correspondiente seg\u00fan la finalidad. En el caso de suscripciones, el Tallers Alsina, S.C. revisar\u00e1 peri\u00f3dicamente las listas y eliminar\u00e1 aquellos registros inactivos durante un tiempo considerable.<br><br>Principio de integridad y confidencialidad: Tus datos ser\u00e1n tratados de tal manera que su seguridad, confidencialidad e integridad est\u00e9 garantizada. Debes saber que Tallers Alsina, S.C. toma las precauciones necesarias para evitar el acceso no autorizado o uso indebido de los datos de sus usuarios por parte de terceros.<br><br>OBTENCI\u00d3N DE DATOS PERSONALES<br><br>Para navegar por Sitio Web no es necesario que facilites ning\u00fan dato personal. Los casos en los que s\u00ed proporcionas tus datos personales son los siguientes:<br><br>Al contactar a trav\u00e9s de los formularios de contacto o enviar un correo electr\u00f3nico.<br><br>TUS DERECHOS<br><br>Tallers Alsina, S.C. te informa que sobre tus datos personales tienes derecho a:<br><br>Solicitar el acceso a los datos almacenados.<br><br>Solicitar una rectificaci\u00f3n o la cancelaci\u00f3n.<br><br>Solicitar la limitaci\u00f3n de su tratamiento.<br><br>Oponerte al tratamiento.<br><br>Solicitar la portabilidad de tus datos.<br><br>El ejercicio de estos derechos es personal y, por tanto, debe ser ejercido directamente por el interesado, solicit\u00e1ndolo directamente al Tallers Alsina, S.C. , lo que significa que cualquier cliente, suscriptor o colaborador que haya facilitado sus datos en alg\u00fan momento puede dirigirse al Tallers Alsina, S.C. y pedir informaci\u00f3n sobre los datos que tiene almacenados y c\u00f3mo los ha obtenido, solicitar la rectificaci\u00f3n de los mismos, solicitar la portabilidad de sus datos personales, oponerse al tratamiento, limitar su uso o solicitar la cancelaci\u00f3n de esos datos en los ficheros del Tallers Alsina, S.C.<br><br>Para ejercitar tus derechos de acceso, rectificaci\u00f3n, cancelaci\u00f3n, portabilidad y oposici\u00f3n a su tratamiento dirigi\u00e9ndose a Carretera Girona, 270 &#8211; 272, 17220, Sant Feliu de Gu\u00edxols, (Girona), o enviar un correo electr\u00f3nico a info@talleralsina.com junto con la prueba v\u00e1lida en derecho como una fotocopia del D.N.I. o equivalente.<br><br>Tienes derecho a presentar una reclamaci\u00f3n ante la autoridad de control si considera que pueden haberse visto vulnerados sus derechos en relaci\u00f3n con la protecci\u00f3n de sus datos (agpd.es).<br><br>FINALIDAD DEL TRATAMIENTO DE DATOS PERSONALES<br><br>Cuando te conectas al sitio Web para mandar un correo a Tallers Alsina, S.C., te suscribes a su bolet\u00edn o realizas una contrataci\u00f3n, est\u00e1s facilitando informaci\u00f3n de car\u00e1cter personal de la que el responsable es Tallers Alsina, S.C. Esta informaci\u00f3n puede incluir datos de car\u00e1cter personal como pueden ser tu direcci\u00f3n IP, nombre y apellidos, direcci\u00f3n f\u00edsica, direcci\u00f3n de correo electr\u00f3nico, n\u00famero de tel\u00e9fono, y otra informaci\u00f3n. Al facilitar esta informaci\u00f3n, das tu consentimiento para que tu informaci\u00f3n sea recopilada, utilizada, gestionada y almacenada por www.tallersalsina.com, solo como se describe en el Aviso Legal y en la presente Pol\u00edtica de Privacidad.<br><br>Los datos personales y la finalidad del tratamiento por parte de Tallers Alsina, S.C. son diferentes seg\u00fan el sistema de recogida de informaci\u00f3n:<br><br>Formularios de contacto: Tallers Alsina, S.C. solicita datos personales entre los que pueden estar: Nombre y apellidos, direcci\u00f3n de correo electr\u00f3nico, con la finalidad de responder a tus consultas.<br><br>Tallers Alsina, S.C. usa esos datos para dar respuesta a tus mensajes, dudas, quejas, comentarios o inquietudes que puedas tener relativas a la informaci\u00f3n incluida en el sitio Web, los servicios que se prestan a trav\u00e9s del sitio Web, el tratamiento de tus datos personales, cuestiones referentes a los textos legales incluidos en el sitio Web, as\u00ed como cualquier otra consulta que puedas tener y que no est\u00e9 sujeta a las condiciones del sitio Web o de la contrataci\u00f3n.<br><br>La base jur\u00eddica para el tratamiento de los datos es: Legitimaci\u00f3n por ejecuci\u00f3n de un contrato, inter\u00e9s leg\u00edtimo de Tallers Alsina, S.C. o por consentimiento del interesado.<br><br>La base jur\u00eddica para el tratamiento de los datos es: Legitimaci\u00f3n por ejecuci\u00f3n de un contrato, Legitimaci\u00f3n por Inter\u00e9s leg\u00edtimo del Responsable o de un tercero y Legitimaci\u00f3n por consentimiento del interesado.<br><br>Existen otras finalidades por las que Tallers Alsina, S.C. trata tus datos personales:<br><br>Para garantizar el cumplimiento de las condiciones recogidas en el Aviso Legal y en la ley aplicable. Esto puede incluir el desarrollo de herramientas y algoritmos que ayuden a este sitio Web a garantizar la confidencialidad de los datos personales que recoge.<br><br>Para apoyar y mejorar los servicios que ofrece este sitio Web.<br><br>Para analizar la navegaci\u00f3n. Tallers Alsina, S.C. recoge otros datos no identificativos que se obtienen mediante el uso de cookies que se descargan en tu ordenador cuando navegas por el sitio Web cuyas caracter\u00edsticas y finalidad est\u00e1n detalladas en la Pol\u00edtica de Cookies.<br><br>SEGURIDAD DE LOS DATOS PERSONALES<br><br>Para proteger tus datos personales, Tallers Alsina, S.C. toma todas las precauciones razonables y sigue las mejores pr\u00e1cticas de la industria para evitar su p\u00e9rdida, mal uso, acceso indebido, divulgaci\u00f3n, alteraci\u00f3n o destrucci\u00f3n de los mismos.<\/p>\n\n\n\n<p>La seguridad de tus datos est\u00e1 garantizada, ya que toman todas las medidas de seguridad necesarias para ello. Puedes consultar su pol\u00edtica de privacidad para tener m\u00e1s informaci\u00f3n.<br><br>CONTENIDO DE OTROS SITIOS WEB<br><br>Las p\u00e1ginas de este sitio Web pueden incluir contenido incrustado (por ejemplo, v\u00eddeos, im\u00e1genes, art\u00edculos, etc.). El contenido incrustado de otras web se comporta exactamente de la misma manera que si hubieras visitado la otra web.<br><br>Estos sitios Web pueden recopilar datos sobre ti, utilizar cookies, incrustar un c\u00f3digo de seguimiento adicional de terceros, y supervisar tu interacci\u00f3n utilizando este c\u00f3digo.<br><br>POL\u00cdTICA DE COOKIES<br><br>Para que este sitio Web funcione correctamente necesita usar cookies, que es una informaci\u00f3n que se almacena en tu navegador web.<br><br>En la p\u00e1gina Pol\u00edtica de Cookies puedes consultar toda la informaci\u00f3n relativa a la pol\u00edtica de recogida, la finalidad y el tratamiento de las cookies.<br><br>Legitimaci\u00f3n para el tratamiento de datos<br><br>La base legal para el tratamiento de tus datos es: el consentimiento.<br><br>Para contactar con Tallers Alsina, S.C., suscribirte a un bolet\u00edn o realizar comentarios en este sitio Web tienes que aceptar la presente Pol\u00edtica de Cookies.<br><br>CATEGOR\u00cdAS DE DATOS PERSONALES<br><br>Las categor\u00edas de datos personales que trata Tallers Alsina, S.C. son:<br><br>Datos identificativos.<br><br>Conservaci\u00f3n de datos personales<br><br>Los datos personales que proporciones a Tallers Alsina, S.C. se conservar\u00e1n hasta que solicites su supresi\u00f3n.<br><br>DESTINATARIOS DE DATOS PERSONALES<br><br>Tallers Alsina, S.C. no ceder\u00e1 los datos personales a terceros, excepto por obligaci\u00f3n legal. Sin embargo, en el caso de ser cedidos a alg\u00fan tercero se producir\u00eda una informaci\u00f3n previa solicitando el consentimiento expreso para tal cesi\u00f3n. La entidad responsable de la base de datos, as\u00ed como los que intervengan en cualquier fase del tratamiento y\/o las entidades a quienes se los haya comunicado -en todo caso siempre con la correspondiente autorizaci\u00f3n otorgada por el usuario-, est\u00e1n obligadas a observar el secreto profesional y a la adopci\u00f3n de los niveles de protecci\u00f3n y las medidas t\u00e9cnicas y organizativas necesarias a su alcance para garantizar la seguridad de los datos de car\u00e1cter personal, evitando, dentro de lo posible, accesos no autorizados, modificaciones il\u00edcitas, substracciones y\/o la p\u00e9rdida de los datos, con objeto de procurar el correspondiente nivel de seguridad de los ficheros del Prestador, seg\u00fan la naturaleza y sensibilidad de los datos facilitados por los usuarios del presente Sitio web.<br><br>NAVEGACI\u00d3N WEB<br><br>Al navegar por SITIO WEB se pueden recoger datos no identificativos, que pueden incluir, la direcci\u00f3n IP, geolocalizaci\u00f3n, un registro de c\u00f3mo se utilizan los servicios y sitios, h\u00e1bitos de navegaci\u00f3n y otros datos que no pueden ser utilizados para identificarte.<br><br>El sitio Web utiliza los siguientes servicios de an\u00e1lisis de terceros:<br><br>Tambi\u00e9n puedes ver una lista de los tipos de cookies que usa Google y sus colaboradores y toda la informaci\u00f3n relativa al uso que hacen de cookies publicitarias.<br><br>El Tallers Alsina, S.C. usa la informaci\u00f3n obtenida para obtener datos estad\u00edsticos, analizar tendencias, administrar el sitio, estudiar patrones de navegaci\u00f3n y para recopilar informaci\u00f3n demogr\u00e1fica.<br><br>EXACTITUD Y VERACIDAD DE LOS DATOS PERSONALES<br><br>El usuario es el \u00fanico responsable de la veracidad y correcci\u00f3n de los datos que remita a Tallers Alsina, S.C., exonerando a Tallers Alsina, S.C. de cualquier responsabilidad al respeto. Los usuarios garantizan y responden, en cualquier caso, de la exactitud, vigencia y autenticidad de los datos personales facilitados, y se comprometen a mantenerlos debidamente actualizados. El usuario acepta proporcionar informaci\u00f3n completa y correcta en el formulario de registro o suscripci\u00f3n.<br><br>ACEPTACI\u00d3N Y CONSENTIMIENTO<br><br>El Usuario declara haber sido informado de las condiciones sobre protecci\u00f3n de datos de car\u00e1cter personal, aceptando y consintiendo el tratamiento automatizado de los mismos por parte de Tallers Alsina, S.C. en la forma y para las finalidades indicadas en la presente Pol\u00edtica de Protecci\u00f3n de Datos Personales.<br><br>ENV\u00cdO CV<br><br>En el supuesto de que el usuario env\u00ede su CV a trav\u00e9s de nuestra web, le informamos que los datos aportados ser\u00e1n tratados para hacerlo part\u00edcipe de los procesos de selecci\u00f3n que pueda haber, llevando a cabo un an\u00e1lisis del perfil del solicitante con el objetivo de seleccionar el mejor candidato para el lugar vacante del Responsable. Lo informamos que este es el \u00fanico procedimiento oficial para aceptar su curr\u00edculum, de manera que no se aceptar\u00e1n los curr\u00edculums remitidos por otro procedimiento diferente. En caso de producirse alguna modificaci\u00f3n en los datos, le rogamos nos lo comunique por escrito lo m\u00e1s ante posible, con objeto de mantener sus datos debidamente actualizados.<br><br>Los datos se conservar\u00e1n durante un plazo m\u00e1ximo de un a\u00f1o, transcurrido el cual se proceder\u00e1 a la supresi\u00f3n de los datos garantiz\u00e1ndole un total respecto a la confidencialidad tanto en el tratamiento como en su posterior destrucci\u00f3n. En este sentido, transcurrido el mencionado plazo, y si desea continuar participando en los procesos de selecci\u00f3n del Responsable, le rogamos nos remita nuevamente su curr\u00edculum.<br><br>Los datos se podr\u00e1n tratar y\/o comunicar a las empresas integrantes de nuestro grupo durante el tiempo de conservaci\u00f3n de su curr\u00edculum y para los mismos fines antes informados.<br><br>CORREOS COMERCIALES<br><br>De acuerdo con la LSSICE, Tallers Alsina, S.C. no realiza pr\u00e1cticas de SPAM, por lo tanto, no env\u00eda correos comerciales por e-mail que no hayan sido previamente solicitados o autorizados por el Usuario. En consecuencia, en cada uno de los formularios de la P\u00e1gina Web, el Usuario tiene la posibilidad de dar su consentimiento expreso para recibir nuestro Bolet\u00edn, con independencia de la informaci\u00f3n comercial puntualmente solicitada.<br><br>REVOCABILIDAD<br><br>Para ejercitar tus derechos de acceso, rectificaci\u00f3n, cancelaci\u00f3n, portabilidad y oposici\u00f3n tienes que enviar un correo electr\u00f3nico a info@talleralsina.com junto con la prueba v\u00e1lida en derecho como una fotocopia del D.N.I. o equivalente.<br><br>El ejercicio de tus derechos no incluye ning\u00fan dato que Tallers Alsina, S.C. est\u00e9 obligado a conservar con fines administrativos, legales o de seguridad.<br><br>CAMBIOS EN LA POL\u00cdTICA DE PRIVACIDAD<br><br>Tallers Alsina, S.C. se reserva el derecho a modificar la presente Pol\u00edtica de Privacidad para adaptarla a novedades legislativas o jurisprudenciales, as\u00ed como a pr\u00e1cticas de la industria.<br><br>Estas pol\u00edticas estar\u00e1n vigentes hasta que sean modificadas por otras debidamente publicadas.<br><br>LEGISLACI\u00d3N<br><br>A todos los efectos las relaciones entre Tallers Alsina, S.C. con los Usuarios de sus servicios telem\u00e1ticos, presentes en esta Web, est\u00e1n sometidos a la legislaci\u00f3n y jurisdicci\u00f3n espa\u00f1ola a la que se someten expresamente las partes, siendo competentes por la resoluci\u00f3n de todos los conflictos derivados o relacionados con su uso los Juzgados y Tribunales de Girona.<\/p>\n\n\n\n<p>\u00daltima actualizaci\u00f3n:&nbsp; 22 de agosto del 2022<\/p>","protected":false},"excerpt":{"rendered":"<p>POL\u00cdTICA DE PRIVACIDAD Tallers Alsina, S.C., como responsable del presente Sitio web y en conformidad con lo que dispone la normativa vigente en materia de protecci\u00f3n de datos personales, el Reglamento (UE) 2016\/679 de 27 de abril de 2016 (RGPD) relativo a la protecci\u00f3n de las personas f\u00edsicas en cuanto al tratamiento de datos personales [&hellip;]<\/p>","protected":false},"author":1,"featured_media":0,"parent":0,"menu_order":0,"comment_status":"closed","ping_status":"closed","template":"","meta":{"footnotes":""},"class_list":["post-174","page","type-page","status-publish","hentry"],"_links":{"self":[{"href":"https:\/\/tallersalsina.com\/es\/wp-json\/wp\/v2\/pages\/174","targetHints":{"allow":["GET"]}}],"collection":[{"href":"https:\/\/tallersalsina.com\/es\/wp-json\/wp\/v2\/pages"}],"about":[{"href":"https:\/\/tallersalsina.com\/es\/wp-json\/wp\/v2\/types\/page"}],"author":[{"embeddable":true,"href":"https:\/\/tallersalsina.com\/es\/wp-json\/wp\/v2\/users\/1"}],"replies":[{"embeddable":true,"href":"https:\/\/tallersalsina.com\/es\/wp-json\/wp\/v2\/comments?post=174"}],"version-history":[{"count":0,"href":"https:\/\/tallersalsina.com\/es\/wp-json\/wp\/v2\/pages\/174\/revisions"}],"wp:attachment":[{"href":"https:\/\/tallersalsina.com\/es\/wp-json\/wp\/v2\/media?parent=174"}],"curies":[{"name":"wp","href":"https:\/\/api.w.org\/{rel}","templated":true}]}}