{"id":176,"date":"2022-08-22T18:46:37","date_gmt":"2022-08-22T16:46:37","guid":{"rendered":"https:\/\/tallersalsina.com\/?page_id=176"},"modified":"2022-08-22T18:57:14","modified_gmt":"2022-08-22T16:57:14","slug":"politica-de-privacidad-redes-sociales","status":"publish","type":"page","link":"https:\/\/tallersalsina.com\/es\/politica-de-privacidad-redes-sociales\/","title":{"rendered":"Pol\u00edtica de privacidad redes sociales"},"content":{"rendered":"<p>POL\u00cdTICA DE PRIVACIDAD DE REDES SOCIALES<\/p>\n\n\n\n<p>De acuerdo con lo establecido por el Reglamento (UE) 2016\/679 del Parlamento Europeo y del Consejo, de 27 de abril de 2016, relativo a la protecci\u00f3n de las personas f\u00edsicas en lo que respecta al tratamiento de datos personales y a la libre circulaci\u00f3n de estos datos, RGPD, y dem\u00e1s normativa complementaria vigente, le informamos de que sus datos ser\u00e1n tratados bajo la responsabilidad de Tallers Alsina, S.C., que informa a los Usuarios de que ha procedido a crear un perfil en las redes sociales con la finalidad principal de publicitar sus productos y servicios.<\/p>\n\n\n\n<p>Datos identificativos del Responsable del tratamiento:<\/p>\n\n\n\n<p>Denominaci\u00f3n Social: Tallers Alsina, S.C.<\/p>\n\n\n\n<p>Domicilio Social: Carretera Girona, 270 &#8211; 272, 17220, Sant Feliu de Gu\u00edxols, (Girona)<\/p>\n\n\n\n<p>CIF: J17333790<\/p>\n\n\n\n<p>Tel\u00e9fono: 972321467<\/p>\n\n\n\n<p>E-Mail: info@talleralsina.com<\/p>\n\n\n\n<p>Sitio Web: www.tallersalsina.com<\/p>\n\n\n\n<p>El Usuario dispone de un perfil en la misma Red Social y ha decidido de forma voluntaria unirse a la p\u00e1gina oficial producida por la Tallers Alsina, S.C., mostrando as\u00ed inter\u00e9s en la informaci\u00f3n que se publicite en la Red.<\/p>\n\n\n\n<p>Al unirse a nuestra p\u00e1gina, nos facilita su consentimiento libre, inequ\u00edvoco, espec\u00edfico, informado y expreso para el tratamiento de aquellos datos personales publicados en su perfil. Asimismo, le indicamos que est\u00e1 prevista la elaboraci\u00f3n de perfiles, a fin de conocer los productos o servicios que m\u00e1s le puedan encajar, as\u00ed como la mejor manera de comunic\u00e1rselos, seg\u00fan sus preferencias o h\u00e1bitos mostrados, y que sean ofrecidos por Tallers Alsina, S.C.<\/p>\n\n\n\n<p>El Usuario puede acceder en todo momento a las pol\u00edticas de privacidad de la propia Red Social, as\u00ed como configurar su perfil para garantizar su privacidad.<\/p>\n\n\n\n<p>Tallers Alsina, S.C. tiene acceso y trata aquella informaci\u00f3n p\u00fablica del Usuario, en especial, su nombre de contacto. Estos datos solo son utilizados dentro de la propia Red Social y no son incorporados a ning\u00fan fichero.<\/p>\n\n\n\n<p>Menores<\/p>\n\n\n\n<p>El acceso y registro en esta red social est\u00e1 prohibido a menores de catorce (14) a\u00f1os. Si el usuario es menor de catorce (14) a\u00f1os, advierte que ser\u00e1 necesaria la asistencia consentida del titular de los padres, tutor, o representante legal para el acceso y uso de esta p\u00e1gina oficial de Tallers Alsina, S.C., quedar\u00e1 expresamente exonerada de cualquier responsabilidad que pudiera derivarse del uso de su p\u00e1gina oficial por menores, siendo dicha responsabilidad de sus representantes legales.<\/p>\n\n\n\n<p>Derechos<\/p>\n\n\n\n<p>De acuerdo con los derechos que le confiere la normativa vigente en protecci\u00f3n de datos podr\u00e1 dirigirse a la Autoridad de Control competente para presentar la reclamaci\u00f3n que considere oportuna, as\u00ed como tambi\u00e9n podr\u00e1 ejercer los derechos de acceso, rectificaci\u00f3n, limitaci\u00f3n de tratamiento, supresi\u00f3n, portabilidad y oposici\u00f3n al tratamiento de sus datos de car\u00e1cter personal as\u00ed como a la retirada del consentimiento prestado para el tratamiento de los mismos, dirigiendo su petici\u00f3n a Tallers Alsina, S.C., Carretera Girona, 270 &#8211; 272, 17220, Sant Feliu de Gu\u00edxols, Girona, o bien al correo electr\u00f3nico info@talleralsina.com<\/p>\n\n\n\n<p>Utilizaci\u00f3n del perfil<\/p>\n\n\n\n<p>Tallers Alsina, S.C. realizar\u00e1 las siguientes actuaciones:<\/p>\n\n\n\n<p>Acceso a la informaci\u00f3n p\u00fablica del perfil.<\/p>\n\n\n\n<p>Publicaci\u00f3n en el perfil del Usuario de toda aquella informaci\u00f3n ya publicada en la p\u00e1gina de Tallers Alsina, S.C.<\/p>\n\n\n\n<p>Enviar mensajes personales e individuales a trav\u00e9s de los canales de la Red Social.<\/p>\n\n\n\n<p>Actualizaciones del estado de la p\u00e1gina que se publicar\u00e1n en el perfil del Usuario.<\/p>\n\n\n\n<p>El Usuario siempre puede controlar sus conexiones, eliminar los contenidos que dejen de interesarle y restringir con qui\u00e9n comparte sus conexiones; para ello deber\u00e1 acceder a su configuraci\u00f3n de privacidad.<\/p>\n\n\n\n<p>Publicaciones<\/p>\n\n\n\n<p>El Usuario, una vez unido a la p\u00e1gina oficial de la Tallers Alsina, S.C., podr\u00e1 publicar comentarios, enlaces, im\u00e1genes o fotograf\u00edas o cualquier otro tipo de contenido multimedia soportado por la Red Social. El Usuario, en todos los casos, debe ser el titular de los mismos, gozar de los derechos de autor y de propiedad intelectual o contar con el consentimiento de los terceros afectados. Se proh\u00edbe expresamente cualquier publicaci\u00f3n en la p\u00e1gina, ya sean textos, gr\u00e1ficos, fotograf\u00edas, v\u00eddeos, etc. que atenten o sean susceptibles de atentar contra la moral, la \u00e9tica, el buen gusto o el decoro, y\/o que infrinjan, violen o quebranten los derechos de propiedad intelectual o industrial, el derecho a la imagen o la Ley.<\/p>\n\n\n\n<p>Tallers Alsina, S.C. se reserva el derecho a retirar de inmediato el contenido, de forma unilateral y sin previa comunicaci\u00f3n ni autorizaci\u00f3n del usuario, pudiendo solicitar el bloqueo permanente del Usuario.<\/p>\n\n\n\n<p>Tallers Alsina, S.C. no se har\u00e1 responsable de los contenidos que libremente ha publicado un Usuario.<\/p>\n\n\n\n<p>El Usuario debe tener presente que sus publicaciones ser\u00e1n conocidas por los otros Usuarios, por lo que \u00e9l mismo es el principal responsable de su privacidad.<\/p>\n\n\n\n<p>Las im\u00e1genes que puedan publicarse en la p\u00e1gina no ser\u00e1n almacenadas en ning\u00fan fichero por parte de Tallers Alsina, S.C. pero s\u00ed que permanecer\u00e1n en la Red Social.<\/p>\n\n\n\n<p>Concursos y promociones<\/p>\n\n\n\n<p>Tallers Alsina, S.C. se reserva el derecho a realizar concursos y promociones, en los que podr\u00e1 participar el Usuario unido a su p\u00e1gina. Las bases de cada uno de ellos, cuando se utilice para ello la plataforma de la Red Social, ser\u00e1n publicadas en la misma, cumpliendo siempre con la LSSICE y con cualquier otra norma que le sea de aplicaci\u00f3n.<\/p>\n\n\n\n<p>La Red Social no patrocina, avala, ni administra, de modo alguno, ninguna de nuestras promociones, ni est\u00e1 asociada a ninguna de ellas.<\/p>\n\n\n\n<p>Publicidad<\/p>\n\n\n\n<p>Tallers Alsina, S.C. usar\u00e1 la Red Social para publicitar sus productos y servicios. En todo caso, si decide tratar sus datos de contacto para realizar acciones directas de prospecci\u00f3n comercial, ser\u00e1 siempre cumpliendo con las exigencias legales del RGPD-LOPDGDD y de la LSSICE.<\/p>\n\n\n\n<p>No se considerar\u00e1 publicidad el hecho de recomendar a otros Usuarios la p\u00e1gina de la Tallers Alsina, S.C. para que tambi\u00e9n ellos puedan disfrutar de las promociones o estar informados de su actividad.<\/p>\n\n\n\n<p>Otra informaci\u00f3n de inter\u00e9s<\/p>\n\n\n\n<p>Tallers Alsina, S.C., podr\u00e1 modificar y\/o sustituir en cualquier momento la presente pol\u00edtica que, seg\u00fan los casos, sustituir\u00e1, complementar\u00e1 y\/o modificar\u00e1 la actual publicada. Por ello el usuario deber\u00e1 de acceder peri\u00f3dicamente a la misma, con el fin de mantenerse actualizado.<\/p>\n\n\n\n<p>A continuaci\u00f3n detallamos el enlace a la pol\u00edtica de privacidad de la Red Social:<\/p>\n\n\n\n<p>POL\u00cdTICA DE PRIVACIDAD DE REDES SOCIALES<br>De acuerdo con lo establecido por el Reglamento (UE) 2016\/679 del Parlamento Europeo y del Consejo, de 27 de abril de 2016, relativo a la protecci\u00f3n de las personas f\u00edsicas en lo que respecta al tratamiento de datos personales y a la libre circulaci\u00f3n de estos datos, RGPD, y dem\u00e1s normativa complementaria vigente, le informamos de que sus datos ser\u00e1n tratados bajo la responsabilidad de Tallers Alsina, S.C., que informa a los Usuarios de que ha procedido a crear un perfil en las redes sociales con la finalidad principal de publicitar sus productos y servicios.<\/p>\n\n\n\n<p>Datos identificativos del Responsable del tratamiento:<br>Denominaci\u00f3n Social: Tallers Alsina, S.C.<br>Domicilio Social: Carretera Girona, 270 &#8211; 272, 17220, Sant Feliu de Gu\u00edxols, (Girona)<\/p>\n\n\n\n<p>CIF: J17333790<br>Tel\u00e9fono: 972321467<br>E-Mail: info@talleralsina.com<br>Sitio Web: www.tallersalsina.com<\/p>\n\n\n\n<p>El Usuario dispone de un perfil en la misma Red Social y ha decidido de forma voluntaria unirse a la p\u00e1gina oficial creada por la Tallers Alsina, S.C., mostrando as\u00ed inter\u00e9s en la informaci\u00f3n que se publicite en la Red.<\/p>\n\n\n\n<p>Al unirse a nuestra p\u00e1gina, nos facilita su consentimiento libre, inequ\u00edvoco, espec\u00edfico, informado y expreso para el tratamiento de aquellos datos personales publicados en su perfil. Asimismo, le indicamos que est\u00e1 prevista la elaboraci\u00f3n de perfiles, a fin de conocer los productos o servicios que m\u00e1s le puedan encajar, as\u00ed como la mejor forma de comunic\u00e1rselos, seg\u00fan sus preferencias o h\u00e1bitos mostrados, y que sean ofrecidos por Tallers Alsina, S.C.<\/p>\n\n\n\n<p>El Usuario puede acceder en todo momento a las pol\u00edticas de privacidad de la propia Red Social, as\u00ed como configurar su perfil para garantizar su privacidad.<br><br>Tallers Alsina, S.C. tiene acceso y trata aquella informaci\u00f3n p\u00fablica del Usuario, en especial, su nombre de contacto. Estos datos s\u00f3lo son utilizados dentro de la propia Red Social y no son incorporados a ning\u00fan fichero.<\/p>\n\n\n\n<p>Menores<\/p>\n\n\n\n<p>El acceso y registro en esta red social est\u00e1 prohibido a menores de catorce (14) a\u00f1os. Si el usuario es menor de catorce (14) a\u00f1os, advierte que ser\u00e1 necesaria la asistencia consentida del titular de los padres, tutor, o representante legal para el acceso y uso de esta p\u00e1gina oficial de Tallers Alsina, S.C., quedar\u00e1 expresamente exonerada de cualquier responsabilidad que pudiera derivarse del uso de su p\u00e1gina oficial por menores, siendo dicha responsabilidad de sus representantes legales.<\/p>\n\n\n\n<p>Derechos<\/p>\n\n\n\n<p>De acuerdo con los derechos que le confiere la normativa vigente en protecci\u00f3n de datos podr\u00e1 dirigirse a la Autoridad de Control competente para presentar la reclamaci\u00f3n que considere oportuna, as\u00ed como tambi\u00e9n podr\u00e1 ejercer los derechos de acceso, rectificaci\u00f3n, limitaci\u00f3n de tratamiento, supresi\u00f3n, portabilidad y oposici\u00f3n al tratamiento de sus datos de car\u00e1cter personal as\u00ed como a la retirada del consentimiento prestado para el tratamiento de los mismos, dirigiendo su petici\u00f3n a Tallers Alsina, S.C., Carretera Girona, 270 &#8211; 272, 17220, Sant Feliu de Gu\u00edxols, Girona, o bien al correo electr\u00f3nico <a href=\"mailto:info@talleralsina.com\">info@talleralsina.com<\/a><\/p>\n\n\n\n<p>Utilizaci\u00f3n del perfil<\/p>\n\n\n\n<p>Tallers Alsina, S.C. realizar\u00e1 las siguientes actuaciones:<\/p>\n\n\n\n<ol class=\"wp-block-list\" type=\"1\"><li>Acceso a la informaci\u00f3n p\u00fablica del perfil.<\/li><li>Publicaci\u00f3n en el perfil del Usuario de toda aquella informaci\u00f3n ya publicada en la p\u00e1gina de Tallers Alsina, S.C..<\/li><li>Enviar mensajes personales e individuales a trav\u00e9s de los canales de la Red Social.<\/li><li>Actualizaciones del estado de la p\u00e1gina que se publicar\u00e1n en el perfil del Usuario.<\/li><\/ol>\n\n\n\n<p>El Usuario siempre puede controlar sus conexiones, eliminar los contenidos que dejen de interesarle y restringir con qui\u00e9n comparte sus conexiones; para ello deber\u00e1 acceder a su configuraci\u00f3n de privacidad.<\/p>\n\n\n\n<p>Publicaciones<\/p>\n\n\n\n<p>El Usuario, una vez unido a la p\u00e1gina oficial de la Tallers Alsina, S.C., podr\u00e1 publicar comentarios, enlaces, im\u00e1genes o fotograf\u00edas o cualquier otro tipo de contenido multimedia soportado por la Red Social. El Usuario, en todos los casos, debe ser el titular de los mismos, gozar de los derechos de autor y de propiedad intelectual o contar con el consentimiento de los terceros afectados. Se proh\u00edbe expresamente cualquier publicaci\u00f3n en la p\u00e1gina, ya sean textos, gr\u00e1ficos, fotograf\u00edas, v\u00eddeos, etc. que atenten o sean susceptibles de atentar contra la moral, la \u00e9tica, el buen gusto o el decoro, y\/o que infrinjan, violen o quebranten los derechos de propiedad intelectual o industrial, el derecho a la imagen o la Ley.<\/p>\n\n\n\n<p>Tallers Alsina, S.C. se reserva el derecho a retirar de inmediato el contenido, de forma unilateral y sin previa comunicaci\u00f3n ni autorizaci\u00f3n del usuario, pudiendo solicitar el bloqueo permanente del Usuario.<\/p>\n\n\n\n<p>Tallers Alsina, S.C. no se har\u00e1 responsable de los contenidos que libremente ha publicado un Usuario.<\/p>\n\n\n\n<p>El Usuario debe tener presente que sus publicaciones ser\u00e1n conocidas por los otros Usuarios, por lo que \u00e9l mismo es el principal responsable de su privacidad.<\/p>\n\n\n\n<p>Las im\u00e1genes que puedan publicarse en la p\u00e1gina no ser\u00e1n almacenadas en ning\u00fan fichero por parte de Tallers Alsina, S.C. pero s\u00ed que permanecer\u00e1n en la Red Social.<\/p>\n\n\n\n<p>Concursos y promociones<\/p>\n\n\n\n<p>Tallers Alsina, S.C. se reserva el derecho a realizar concursos y promociones, en los que podr\u00e1 participar el Usuario unido a su p\u00e1gina. Las bases de cada uno de ellos, cuando se utilice para ello la plataforma de la Red Social, ser\u00e1n publicadas en la misma, cumpliendo siempre con la LSSICE y con cualquier otra norma que le sea de aplicaci\u00f3n.<\/p>\n\n\n\n<p>La Red Social no patrocina, avala, ni administra, de modo alguno, ninguna de nuestras promociones, ni est\u00e1 asociada a ninguna de ellas.<\/p>\n\n\n\n<p>Publicidad<\/p>\n\n\n\n<p>Tallers Alsina, S.C. utilizar\u00e1 la Red Social para publicitar sus productos y servicios. En todo caso, si decide tratar sus datos de contacto para realizar acciones directas de prospecci\u00f3n comercial, ser\u00e1 siempre cumpliendo con las exigencias legales del RGPD-LOPDGDD y de la LSSICE.<\/p>\n\n\n\n<p>No se considerar\u00e1 publicidad el hecho de recomendar a otros Usuarios la p\u00e1gina de la Tallers Alsina, S.C. para que tambi\u00e9n ellos puedan disfrutar de las promociones o estar informados de su actividad.<\/p>\n\n\n\n<p>Otra informaci\u00f3n de inter\u00e9s<\/p>\n\n\n\n<p>Tallers Alsina, S.C., podr\u00e1 modificar y\/o sustituir en cualquier momento la presente pol\u00edtica que, seg\u00fan los casos, sustituir\u00e1, complementar\u00e1 y\/o modificar\u00e1 la actual publicada. Por ello el usuario deber\u00e1 de acceder peri\u00f3dicamente a la misma, con el fin de mantenerse actualizado.<\/p>\n\n\n\n<p><br>A continuaci\u00f3n detallamos el enlace a la pol\u00edtica de privacidad de la Red Social:<br><br>Facebook: <a href=\"https:\/\/www.facebook.com\/help\/323540651073243\/\" target=\"_blank\" rel=\"noreferrer noopener\">https:\/\/www.facebook.com\/help\/323540651073243\/<\/a><\/p>\n\n\n\n<p>Instagram: <a href=\"https:\/\/help.instagram.com\/155833707900388\">https:\/\/help.instagram.com\/155833707900388<\/a><\/p>\n\n\n\n<p>Twitter: <a href=\"https:\/\/twitter.com\/privacy\" target=\"_blank\" rel=\"noreferrer noopener\">https:\/\/twitter.com\/privacy<\/a><\/p>\n\n\n\n<p>Youtube: <a rel=\"noreferrer noopener\" href=\"http:\/\/www.youtube.com\/yt\/policyandsafety\/es\/\" target=\"_blank\">http:\/\/www.youtube.com\/yt\/policyandsafety\/es\/<\/a><\/p>\n\n\n\n<p><br>\u00daltima actualizaci\u00f3n:\u00a0 22 de agosto del 2022<\/p>\n\n\n\n<p><\/p>\n\n\n\n<p><\/p>","protected":false},"excerpt":{"rendered":"<p>POL\u00cdTICA DE PRIVACIDAD DE REDES SOCIALES De acuerdo con lo establecido por el Reglamento (UE) 2016\/679 del Parlamento Europeo y del Consejo, de 27 de abril de 2016, relativo a la protecci\u00f3n de las personas f\u00edsicas en lo que respecta al tratamiento de datos personales y a la libre circulaci\u00f3n de estos datos, RGPD, y [&hellip;]<\/p>","protected":false},"author":1,"featured_media":0,"parent":0,"menu_order":0,"comment_status":"closed","ping_status":"closed","template":"","meta":{"footnotes":""},"class_list":["post-176","page","type-page","status-publish","hentry"],"_links":{"self":[{"href":"https:\/\/tallersalsina.com\/es\/wp-json\/wp\/v2\/pages\/176","targetHints":{"allow":["GET"]}}],"collection":[{"href":"https:\/\/tallersalsina.com\/es\/wp-json\/wp\/v2\/pages"}],"about":[{"href":"https:\/\/tallersalsina.com\/es\/wp-json\/wp\/v2\/types\/page"}],"author":[{"embeddable":true,"href":"https:\/\/tallersalsina.com\/es\/wp-json\/wp\/v2\/users\/1"}],"replies":[{"embeddable":true,"href":"https:\/\/tallersalsina.com\/es\/wp-json\/wp\/v2\/comments?post=176"}],"version-history":[{"count":0,"href":"https:\/\/tallersalsina.com\/es\/wp-json\/wp\/v2\/pages\/176\/revisions"}],"wp:attachment":[{"href":"https:\/\/tallersalsina.com\/es\/wp-json\/wp\/v2\/media?parent=176"}],"curies":[{"name":"wp","href":"https:\/\/api.w.org\/{rel}","templated":true}]}}